{"id":303,"date":"2019-08-20T11:29:12","date_gmt":"2019-08-20T11:29:12","guid":{"rendered":"https:\/\/themes.getmotopress.com\/booklium-default\/?page_id=238"},"modified":"2023-08-06T19:14:35","modified_gmt":"2023-08-06T19:14:35","slug":"chi-siamo","status":"publish","type":"page","link":"https:\/\/lerustiche.com\/de\/chi-siamo\/","title":{"rendered":"\u00dcber uns"},"content":{"rendered":"<div class=\"wp-block-columns has-3-columns is-layout-flex wp-container-core-columns-is-layout-9d6595d7 wp-block-columns-is-layout-flex\">\n<div class=\"wp-block-column is-layout-flow wp-block-column-is-layout-flow\">\n<div class=\"wp-block-getwid-advanced-heading\"><h2 class=\"wp-block-getwid-advanced-heading__content\">Willkommen in unserem gem\u00fctlichen G\u00e4stehaus<\/h2><\/div>\n<\/div>\n\n\n\n<div class=\"wp-block-column is-layout-flow wp-block-column-is-layout-flow\">\n<p>Unser G\u00e4stehaus befindet sich in zentraler Lage in Dello, in einem k\u00fcrzlich renovierten Haus.<\/p>\n\n\n\n<p>\u200b<\/p>\n\n\n\n<p>Reisende, die bei uns \u00fcbernachten, finden in unmittelbarer N\u00e4he Bars, Post\u00e4mter, B\u00e4ckereien, Konditoreien, Tabakl\u00e4den, Superm\u00e4rkte, Pizzerien und Eisdielen.<\/p>\n<\/div>\n\n\n\n<div class=\"wp-block-column is-layout-flow wp-block-column-is-layout-flow\">\n<p>Unsere Residenz ist der ideale Ort f\u00fcr Familien, die gerne reisen und sich wie zu Hause f\u00fchlen, f\u00fcr Gesch\u00e4fts- und Arbeitsreisen, f\u00fcr einen romantischen Urlaub in privater Umgebung.<\/p>\n\n\n\n<p>Sie werden von der Besitzerin empfangen, einer sonnigen Frau, die seit ihrer Kindheit im Gastst\u00e4ttengewerbe t\u00e4tig ist. Milly empf\u00e4ngt Sie in einer famili\u00e4ren Atmosph\u00e4re und wird versuchen, Ihre W\u00fcnsche bestm\u00f6glich zu erf\u00fcllen.<\/p>\n<\/div>\n<\/div>\n\n\n\n<div style=\"height:40px\" aria-hidden=\"true\" class=\"wp-block-spacer\"><\/div>\n\n\n\n<div class=\"wp-block-columns has-2-columns is-layout-flex wp-container-core-columns-is-layout-9d6595d7 wp-block-columns-is-layout-flex\">\n<div class=\"wp-block-column is-layout-flow wp-block-column-is-layout-flow\">\n<figure class=\"wp-block-image size-large\"><img fetchpriority=\"high\" decoding=\"async\" width=\"768\" height=\"1024\" src=\"https:\/\/lerustiche.com\/wp-content\/uploads\/2023\/07\/foresteria-1-768x1024.jpg\" alt=\"\" class=\"wp-image-1872\" srcset=\"https:\/\/lerustiche.com\/wp-content\/uploads\/2023\/07\/foresteria-1-768x1024.jpg 768w, https:\/\/lerustiche.com\/wp-content\/uploads\/2023\/07\/foresteria-1-225x300.jpg 225w, https:\/\/lerustiche.com\/wp-content\/uploads\/2023\/07\/foresteria-1-1152x1536.jpg 1152w, https:\/\/lerustiche.com\/wp-content\/uploads\/2023\/07\/foresteria-1-1536x2048.jpg 1536w, https:\/\/lerustiche.com\/wp-content\/uploads\/2023\/07\/foresteria-1-892x1189.jpg 892w, https:\/\/lerustiche.com\/wp-content\/uploads\/2023\/07\/foresteria-1-1350x1800.jpg 1350w, https:\/\/lerustiche.com\/wp-content\/uploads\/2023\/07\/foresteria-1-scaled.jpg 1920w\" sizes=\"(max-width: 768px) 100vw, 768px\" \/><\/figure>\n<\/div>\n\n\n\n<div class=\"wp-block-column is-layout-flow wp-block-column-is-layout-flow\">\n<figure class=\"wp-block-gallery has-nested-images columns-2 is-cropped wp-block-gallery-1 is-layout-flex wp-block-gallery-is-layout-flex\">\n<figure class=\"wp-block-image size-large\"><img decoding=\"async\" width=\"768\" height=\"1024\" data-id=\"1880\" src=\"https:\/\/lerustiche.com\/wp-content\/uploads\/2023\/07\/foresteria-9-768x1024.jpg\" alt=\"\" class=\"wp-image-1880\" srcset=\"https:\/\/lerustiche.com\/wp-content\/uploads\/2023\/07\/foresteria-9-768x1024.jpg 768w, https:\/\/lerustiche.com\/wp-content\/uploads\/2023\/07\/foresteria-9-225x300.jpg 225w, https:\/\/lerustiche.com\/wp-content\/uploads\/2023\/07\/foresteria-9-1152x1536.jpg 1152w, https:\/\/lerustiche.com\/wp-content\/uploads\/2023\/07\/foresteria-9-1536x2048.jpg 1536w, https:\/\/lerustiche.com\/wp-content\/uploads\/2023\/07\/foresteria-9-892x1189.jpg 892w, https:\/\/lerustiche.com\/wp-content\/uploads\/2023\/07\/foresteria-9-1350x1800.jpg 1350w, https:\/\/lerustiche.com\/wp-content\/uploads\/2023\/07\/foresteria-9-scaled.jpg 1920w\" sizes=\"(max-width: 768px) 100vw, 768px\" \/><\/figure>\n\n\n\n<figure class=\"wp-block-image size-large\"><img decoding=\"async\" width=\"1024\" height=\"768\" data-id=\"1877\" src=\"https:\/\/lerustiche.com\/wp-content\/uploads\/2023\/07\/foresteria-6-1024x768.jpg\" alt=\"\" class=\"wp-image-1877\" srcset=\"https:\/\/lerustiche.com\/wp-content\/uploads\/2023\/07\/foresteria-6-1024x768.jpg 1024w, https:\/\/lerustiche.com\/wp-content\/uploads\/2023\/07\/foresteria-6-300x225.jpg 300w, https:\/\/lerustiche.com\/wp-content\/uploads\/2023\/07\/foresteria-6-768x576.jpg 768w, https:\/\/lerustiche.com\/wp-content\/uploads\/2023\/07\/foresteria-6-1536x1152.jpg 1536w, https:\/\/lerustiche.com\/wp-content\/uploads\/2023\/07\/foresteria-6-2048x1536.jpg 2048w, https:\/\/lerustiche.com\/wp-content\/uploads\/2023\/07\/foresteria-6-892x669.jpg 892w, https:\/\/lerustiche.com\/wp-content\/uploads\/2023\/07\/foresteria-6-1350x1013.jpg 1350w\" sizes=\"(max-width: 1024px) 100vw, 1024px\" \/><\/figure>\n\n\n\n<figure class=\"wp-block-image size-large\"><img loading=\"lazy\" decoding=\"async\" width=\"768\" height=\"1024\" data-id=\"1881\" src=\"https:\/\/lerustiche.com\/wp-content\/uploads\/2023\/07\/foresteria-10-768x1024.jpg\" alt=\"\" class=\"wp-image-1881\" srcset=\"https:\/\/lerustiche.com\/wp-content\/uploads\/2023\/07\/foresteria-10-768x1024.jpg 768w, https:\/\/lerustiche.com\/wp-content\/uploads\/2023\/07\/foresteria-10-225x300.jpg 225w, https:\/\/lerustiche.com\/wp-content\/uploads\/2023\/07\/foresteria-10-1152x1536.jpg 1152w, https:\/\/lerustiche.com\/wp-content\/uploads\/2023\/07\/foresteria-10-1536x2048.jpg 1536w, https:\/\/lerustiche.com\/wp-content\/uploads\/2023\/07\/foresteria-10-892x1189.jpg 892w, https:\/\/lerustiche.com\/wp-content\/uploads\/2023\/07\/foresteria-10-1350x1800.jpg 1350w, https:\/\/lerustiche.com\/wp-content\/uploads\/2023\/07\/foresteria-10-scaled.jpg 1920w\" sizes=\"(max-width: 768px) 100vw, 768px\" \/><\/figure>\n\n\n\n<figure class=\"wp-block-image size-large\"><img loading=\"lazy\" decoding=\"async\" width=\"768\" height=\"1024\" data-id=\"1879\" src=\"https:\/\/lerustiche.com\/wp-content\/uploads\/2023\/07\/foresteria-8-768x1024.jpg\" alt=\"\" class=\"wp-image-1879\" srcset=\"https:\/\/lerustiche.com\/wp-content\/uploads\/2023\/07\/foresteria-8-768x1024.jpg 768w, https:\/\/lerustiche.com\/wp-content\/uploads\/2023\/07\/foresteria-8-225x300.jpg 225w, https:\/\/lerustiche.com\/wp-content\/uploads\/2023\/07\/foresteria-8-1152x1536.jpg 1152w, https:\/\/lerustiche.com\/wp-content\/uploads\/2023\/07\/foresteria-8-1536x2048.jpg 1536w, https:\/\/lerustiche.com\/wp-content\/uploads\/2023\/07\/foresteria-8-892x1189.jpg 892w, https:\/\/lerustiche.com\/wp-content\/uploads\/2023\/07\/foresteria-8-1350x1800.jpg 1350w, https:\/\/lerustiche.com\/wp-content\/uploads\/2023\/07\/foresteria-8-scaled.jpg 1920w\" sizes=\"(max-width: 768px) 100vw, 768px\" \/><\/figure>\n<\/figure>\n<\/div>\n<\/div>\n\n\n\n<div class=\"wp-block-getwid-advanced-heading\" style=\"margin-bottom:5px;margin-top:46px\"><h2 class=\"wp-block-getwid-advanced-heading__content\" style=\"text-align:center\">Unser Serviceangebot<\/h2><\/div>\n\n\n\n<div class=\"wp-block-getwid-advanced-heading\" style=\"margin-bottom:45px\"><span class=\"wp-block-getwid-advanced-heading__content\" style=\"text-align:center\">Wir respektieren diese Grundprinzipien und halten sie in unserem G\u00e4stehaus ein.<\/span><\/div>\n\n\n\n<div class=\"wp-block-columns has-3-columns is-layout-flex wp-container-core-columns-is-layout-9d6595d7 wp-block-columns-is-layout-flex\">\n<div class=\"wp-block-column is-layout-flow wp-block-column-is-layout-flow\">\n<div class=\"wp-block-getwid-section is-style-with-big-shadow is-style-fit-parent\"><div class=\"wp-block-getwid-section__wrapper getwid-padding-top-medium getwid-padding-bottom-medium getwid-padding-left-medium getwid-padding-right-medium getwid-align-items-flex-start\"><div class=\"wp-block-getwid-section__inner-wrapper\"><div class=\"wp-block-getwid-section__background-holder\"><div class=\"wp-block-getwid-section__background has-background has-white-background-color\"><\/div><div class=\"wp-block-getwid-section__foreground\"><\/div><\/div><div class=\"wp-block-getwid-section__content\"><div class=\"wp-block-getwid-section__inner-content\">\n<div class=\"wp-block-getwid-image-box getwid-animation has-text-center has-mobile-layout-default has-mobile-alignment-default\" data-animation=\"slideBottom\"><div style=\"margin-bottom:30px\" class=\"wp-block-getwid-image-box__image-container is-position-top\"><a href=\"#\" class=\"wp-block-getwid-image-box__image-wrapper\"><img loading=\"lazy\" decoding=\"async\" width=\"512\" height=\"512\" src=\"https:\/\/lerustiche.com\/wp-content\/uploads\/2023\/08\/frigobar.png\" alt=\"\" class=\"wp-block-getwid-image-box__image wp-image-2182\" srcset=\"https:\/\/lerustiche.com\/wp-content\/uploads\/2023\/08\/frigobar.png 512w, https:\/\/lerustiche.com\/wp-content\/uploads\/2023\/08\/frigobar-300x300.png 300w, https:\/\/lerustiche.com\/wp-content\/uploads\/2023\/08\/frigobar-150x150.png 150w, https:\/\/lerustiche.com\/wp-content\/uploads\/2023\/08\/frigobar-12x12.png 12w\" sizes=\"(max-width: 512px) 100vw, 512px\" \/><\/a><\/div><div class=\"wp-block-getwid-image-box__content\">\n<div class=\"wp-block-getwid-advanced-heading\" style=\"margin-bottom:10px\"><h4 class=\"wp-block-getwid-advanced-heading__content\">Frigobar<\/h4><\/div>\n\n\n\n<p class=\"has-small-font-size\">Der private K\u00fchlschrank im Zimmer ist ideal f\u00fcr die Aufbewahrung von frischen Getr\u00e4nken und Snacks.<\/p>\n<\/div><\/div>\n<\/div><\/div><\/div><\/div><\/div>\n<\/div>\n\n\n\n<div class=\"wp-block-column is-layout-flow wp-block-column-is-layout-flow\">\n<div class=\"wp-block-getwid-section is-style-with-big-shadow is-style-fit-parent\"><div class=\"wp-block-getwid-section__wrapper getwid-padding-top-medium getwid-padding-bottom-medium getwid-padding-left-medium getwid-padding-right-medium getwid-align-items-flex-start\"><div class=\"wp-block-getwid-section__inner-wrapper\"><div class=\"wp-block-getwid-section__background-holder\"><div class=\"wp-block-getwid-section__background has-background has-white-background-color\"><\/div><div class=\"wp-block-getwid-section__foreground\"><\/div><\/div><div class=\"wp-block-getwid-section__content\"><div class=\"wp-block-getwid-section__inner-content\">\n<div class=\"wp-block-getwid-image-box getwid-animation has-text-center has-mobile-layout-default has-mobile-alignment-default\" data-animation=\"slideBottom\"><div style=\"margin-bottom:30px\" class=\"wp-block-getwid-image-box__image-container is-position-top\"><a href=\"#\" class=\"wp-block-getwid-image-box__image-wrapper\"><img loading=\"lazy\" decoding=\"async\" width=\"512\" height=\"512\" src=\"https:\/\/lerustiche.com\/wp-content\/uploads\/2023\/08\/asciugacapelli.png\" alt=\"\" class=\"wp-block-getwid-image-box__image wp-image-2178\" srcset=\"https:\/\/lerustiche.com\/wp-content\/uploads\/2023\/08\/asciugacapelli.png 512w, https:\/\/lerustiche.com\/wp-content\/uploads\/2023\/08\/asciugacapelli-300x300.png 300w, https:\/\/lerustiche.com\/wp-content\/uploads\/2023\/08\/asciugacapelli-150x150.png 150w, https:\/\/lerustiche.com\/wp-content\/uploads\/2023\/08\/asciugacapelli-12x12.png 12w\" sizes=\"(max-width: 512px) 100vw, 512px\" \/><\/a><\/div><div class=\"wp-block-getwid-image-box__content\">\n<div class=\"wp-block-getwid-advanced-heading\" style=\"margin-bottom:10px\"><h4 class=\"wp-block-getwid-advanced-heading__content\">Haartrockner <\/h4><\/div>\n\n\n\n<p class=\"has-small-font-size\">In Ihrem Zimmer finden Sie einen Haartrockner, mit dem Sie Ihr Haar problemlos trocknen k\u00f6nnen.<\/p>\n<\/div><\/div>\n<\/div><\/div><\/div><\/div><\/div>\n<\/div>\n\n\n\n<div class=\"wp-block-column is-layout-flow wp-block-column-is-layout-flow\">\n<div class=\"wp-block-getwid-section is-style-with-big-shadow is-style-fit-parent\"><div class=\"wp-block-getwid-section__wrapper getwid-padding-top-medium getwid-padding-bottom-medium getwid-padding-left-medium getwid-padding-right-medium getwid-align-items-flex-start\"><div class=\"wp-block-getwid-section__inner-wrapper\"><div class=\"wp-block-getwid-section__background-holder\"><div class=\"wp-block-getwid-section__background has-background has-white-background-color\"><\/div><div class=\"wp-block-getwid-section__foreground\"><\/div><\/div><div class=\"wp-block-getwid-section__content\"><div class=\"wp-block-getwid-section__inner-content\">\n<div class=\"wp-block-getwid-image-box getwid-animation has-text-center has-mobile-layout-default has-mobile-alignment-default\" data-animation=\"slideBottom\"><div style=\"margin-bottom:30px\" class=\"wp-block-getwid-image-box__image-container is-position-top\"><a href=\"#\" class=\"wp-block-getwid-image-box__image-wrapper\"><img loading=\"lazy\" decoding=\"async\" width=\"512\" height=\"512\" src=\"https:\/\/lerustiche.com\/wp-content\/uploads\/2023\/08\/climatizzato.png\" alt=\"\" class=\"wp-block-getwid-image-box__image wp-image-2177\" srcset=\"https:\/\/lerustiche.com\/wp-content\/uploads\/2023\/08\/climatizzato.png 512w, https:\/\/lerustiche.com\/wp-content\/uploads\/2023\/08\/climatizzato-300x300.png 300w, https:\/\/lerustiche.com\/wp-content\/uploads\/2023\/08\/climatizzato-150x150.png 150w, https:\/\/lerustiche.com\/wp-content\/uploads\/2023\/08\/climatizzato-12x12.png 12w\" sizes=\"(max-width: 512px) 100vw, 512px\" \/><\/a><\/div><div class=\"wp-block-getwid-image-box__content\">\n<div class=\"wp-block-getwid-advanced-heading\" style=\"margin-bottom:10px\"><h4 class=\"wp-block-getwid-advanced-heading__content\">Klimatisierung<\/h4><\/div>\n\n\n\n<p class=\"has-small-font-size\">Genie\u00dfen Sie ideale Temperaturen mit Klimaanlage oder Heizung f\u00fcr maximalen Komfort.<\/p>\n<\/div><\/div>\n<\/div><\/div><\/div><\/div><\/div>\n<\/div>\n<\/div>\n\n\n\n<div class=\"wp-block-columns has-3-columns is-layout-flex wp-container-core-columns-is-layout-9d6595d7 wp-block-columns-is-layout-flex\">\n<div class=\"wp-block-column is-layout-flow wp-block-column-is-layout-flow\">\n<div class=\"wp-block-getwid-section is-style-with-big-shadow is-style-fit-parent\"><div class=\"wp-block-getwid-section__wrapper getwid-padding-top-medium getwid-padding-bottom-medium getwid-padding-left-medium getwid-padding-right-medium getwid-align-items-flex-start\"><div class=\"wp-block-getwid-section__inner-wrapper\"><div class=\"wp-block-getwid-section__background-holder\"><div class=\"wp-block-getwid-section__background has-background has-white-background-color\"><\/div><div class=\"wp-block-getwid-section__foreground\"><\/div><\/div><div class=\"wp-block-getwid-section__content\"><div class=\"wp-block-getwid-section__inner-content\">\n<div class=\"wp-block-getwid-image-box getwid-animation has-text-center has-mobile-layout-default has-mobile-alignment-default\" data-animation=\"slideBottom\"><div style=\"margin-bottom:30px\" class=\"wp-block-getwid-image-box__image-container is-position-top\"><a href=\"#\" class=\"wp-block-getwid-image-box__image-wrapper\"><img loading=\"lazy\" decoding=\"async\" width=\"512\" height=\"512\" src=\"https:\/\/lerustiche.com\/wp-content\/uploads\/2023\/08\/colazione.png\" alt=\"\" class=\"wp-block-getwid-image-box__image wp-image-2180\" srcset=\"https:\/\/lerustiche.com\/wp-content\/uploads\/2023\/08\/colazione.png 512w, https:\/\/lerustiche.com\/wp-content\/uploads\/2023\/08\/colazione-300x300.png 300w, https:\/\/lerustiche.com\/wp-content\/uploads\/2023\/08\/colazione-150x150.png 150w, https:\/\/lerustiche.com\/wp-content\/uploads\/2023\/08\/colazione-12x12.png 12w\" sizes=\"(max-width: 512px) 100vw, 512px\" \/><\/a><\/div><div class=\"wp-block-getwid-image-box__content\">\n<div class=\"wp-block-getwid-advanced-heading\" style=\"margin-bottom:10px\"><h4 class=\"wp-block-getwid-advanced-heading__content\">Fr\u00fchst\u00fcck<\/h4><\/div>\n\n\n\n<p class=\"has-small-font-size\">Beginnen Sie den Tag mit unserem k\u00f6stlichen Fr\u00fchst\u00fcck.<\/p>\n<\/div><\/div>\n<\/div><\/div><\/div><\/div><\/div>\n<\/div>\n\n\n\n<div class=\"wp-block-column is-layout-flow wp-block-column-is-layout-flow\">\n<div class=\"wp-block-getwid-section is-style-with-big-shadow is-style-fit-parent\"><div class=\"wp-block-getwid-section__wrapper getwid-padding-top-medium getwid-padding-bottom-medium getwid-padding-left-medium getwid-padding-right-medium getwid-align-items-flex-start\"><div class=\"wp-block-getwid-section__inner-wrapper\"><div class=\"wp-block-getwid-section__background-holder\"><div class=\"wp-block-getwid-section__background has-background has-white-background-color\"><\/div><div class=\"wp-block-getwid-section__foreground\"><\/div><\/div><div class=\"wp-block-getwid-section__content\"><div class=\"wp-block-getwid-section__inner-content\">\n<div class=\"wp-block-getwid-image-box getwid-animation has-text-center has-mobile-layout-default has-mobile-alignment-default\" data-animation=\"slideBottom\"><div style=\"margin-bottom:30px\" class=\"wp-block-getwid-image-box__image-container is-position-top\"><a href=\"#\" class=\"wp-block-getwid-image-box__image-wrapper\"><img loading=\"lazy\" decoding=\"async\" width=\"512\" height=\"512\" src=\"https:\/\/lerustiche.com\/wp-content\/uploads\/2023\/08\/free-wifi.png\" alt=\"\" class=\"wp-block-getwid-image-box__image wp-image-2181\" srcset=\"https:\/\/lerustiche.com\/wp-content\/uploads\/2023\/08\/free-wifi.png 512w, https:\/\/lerustiche.com\/wp-content\/uploads\/2023\/08\/free-wifi-300x300.png 300w, https:\/\/lerustiche.com\/wp-content\/uploads\/2023\/08\/free-wifi-150x150.png 150w, https:\/\/lerustiche.com\/wp-content\/uploads\/2023\/08\/free-wifi-12x12.png 12w\" sizes=\"(max-width: 512px) 100vw, 512px\" \/><\/a><\/div><div class=\"wp-block-getwid-image-box__content\">\n<div class=\"wp-block-getwid-advanced-heading\" style=\"margin-bottom:10px\"><h4 class=\"wp-block-getwid-advanced-heading__content\">Kostenloses Wi-Fi<\/h4><\/div>\n\n\n\n<p class=\"has-small-font-size\">Bleiben Sie mit dem kostenlosen WiFi im gesamten Hotel in Verbindung.<\/p>\n<\/div><\/div>\n<\/div><\/div><\/div><\/div><\/div>\n<\/div>\n\n\n\n<div class=\"wp-block-column is-layout-flow wp-block-column-is-layout-flow\">\n<div class=\"wp-block-getwid-section is-style-with-big-shadow is-style-fit-parent\"><div class=\"wp-block-getwid-section__wrapper getwid-padding-top-medium getwid-padding-bottom-medium getwid-padding-left-medium getwid-padding-right-medium getwid-align-items-flex-start\"><div class=\"wp-block-getwid-section__inner-wrapper\"><div class=\"wp-block-getwid-section__background-holder\"><div class=\"wp-block-getwid-section__background has-background has-white-background-color\"><\/div><div class=\"wp-block-getwid-section__foreground\"><\/div><\/div><div class=\"wp-block-getwid-section__content\"><div class=\"wp-block-getwid-section__inner-content\">\n<div class=\"wp-block-getwid-image-box getwid-animation has-text-center has-mobile-layout-default has-mobile-alignment-default\" data-animation=\"slideBottom\"><div style=\"margin-bottom:30px\" class=\"wp-block-getwid-image-box__image-container is-position-top\"><a href=\"#\" class=\"wp-block-getwid-image-box__image-wrapper\"><img loading=\"lazy\" decoding=\"async\" width=\"512\" height=\"512\" src=\"https:\/\/lerustiche.com\/wp-content\/uploads\/2023\/08\/cambio_asciugamani.png\" alt=\"\" class=\"wp-block-getwid-image-box__image wp-image-2176\" srcset=\"https:\/\/lerustiche.com\/wp-content\/uploads\/2023\/08\/cambio_asciugamani.png 512w, https:\/\/lerustiche.com\/wp-content\/uploads\/2023\/08\/cambio_asciugamani-300x300.png 300w, https:\/\/lerustiche.com\/wp-content\/uploads\/2023\/08\/cambio_asciugamani-150x150.png 150w, https:\/\/lerustiche.com\/wp-content\/uploads\/2023\/08\/cambio_asciugamani-12x12.png 12w\" sizes=\"(max-width: 512px) 100vw, 512px\" \/><\/a><\/div><div class=\"wp-block-getwid-image-box__content\">\n<div class=\"wp-block-getwid-advanced-heading\" style=\"margin-bottom:10px\"><h4 class=\"wp-block-getwid-advanced-heading__content\">Wechsel der Handt\u00fccher<\/h4><\/div>\n\n\n\n<p class=\"has-small-font-size\">T\u00e4glich frische Handt\u00fccher machen Ihren Aufenthalt noch angenehmer.<\/p>\n<\/div><\/div>\n<\/div><\/div><\/div><\/div><\/div>\n<\/div>\n<\/div>\n\n\n\n<div class=\"wp-block-columns has-3-columns is-layout-flex wp-container-core-columns-is-layout-9d6595d7 wp-block-columns-is-layout-flex\">\n<div class=\"wp-block-column is-layout-flow wp-block-column-is-layout-flow\">\n<div class=\"wp-block-getwid-section is-style-with-big-shadow is-style-fit-parent\"><div class=\"wp-block-getwid-section__wrapper getwid-padding-top-medium getwid-padding-bottom-medium getwid-padding-left-medium getwid-padding-right-medium getwid-align-items-flex-start\"><div class=\"wp-block-getwid-section__inner-wrapper\"><div class=\"wp-block-getwid-section__background-holder\"><div class=\"wp-block-getwid-section__background has-background has-white-background-color\"><\/div><div class=\"wp-block-getwid-section__foreground\"><\/div><\/div><div class=\"wp-block-getwid-section__content\"><div class=\"wp-block-getwid-section__inner-content\">\n<div class=\"wp-block-getwid-image-box getwid-animation has-text-center has-mobile-layout-default has-mobile-alignment-default\" data-animation=\"slideBottom\"><div style=\"margin-bottom:30px\" class=\"wp-block-getwid-image-box__image-container is-position-top\"><a href=\"#\" class=\"wp-block-getwid-image-box__image-wrapper\"><img loading=\"lazy\" decoding=\"async\" width=\"512\" height=\"512\" src=\"https:\/\/lerustiche.com\/wp-content\/uploads\/2023\/08\/smart-tv.png\" alt=\"\" class=\"wp-block-getwid-image-box__image wp-image-2179\" srcset=\"https:\/\/lerustiche.com\/wp-content\/uploads\/2023\/08\/smart-tv.png 512w, https:\/\/lerustiche.com\/wp-content\/uploads\/2023\/08\/smart-tv-300x300.png 300w, https:\/\/lerustiche.com\/wp-content\/uploads\/2023\/08\/smart-tv-150x150.png 150w, https:\/\/lerustiche.com\/wp-content\/uploads\/2023\/08\/smart-tv-12x12.png 12w\" sizes=\"(max-width: 512px) 100vw, 512px\" \/><\/a><\/div><div class=\"wp-block-getwid-image-box__content\">\n<div class=\"wp-block-getwid-advanced-heading\" style=\"margin-bottom:10px\"><h4 class=\"wp-block-getwid-advanced-heading__content\">Smart-TV<\/h4><\/div>\n\n\n\n<p class=\"has-small-font-size\">Unbegrenzte Unterhaltung dank des modernen Smart TV in Ihrem Zimmer.<\/p>\n<\/div><\/div>\n<\/div><\/div><\/div><\/div><\/div>\n<\/div>\n\n\n\n<div class=\"wp-block-column is-layout-flow wp-block-column-is-layout-flow\">\n<div class=\"wp-block-getwid-section is-style-with-big-shadow is-style-fit-parent\"><div class=\"wp-block-getwid-section__wrapper getwid-padding-top-medium getwid-padding-bottom-medium getwid-padding-left-medium getwid-padding-right-medium getwid-align-items-flex-start\"><div class=\"wp-block-getwid-section__inner-wrapper\"><div class=\"wp-block-getwid-section__background-holder\"><div class=\"wp-block-getwid-section__background has-background has-white-background-color\"><\/div><div class=\"wp-block-getwid-section__foreground\"><\/div><\/div><div class=\"wp-block-getwid-section__content\"><div class=\"wp-block-getwid-section__inner-content\">\n<div class=\"wp-block-getwid-image-box getwid-animation has-text-center has-mobile-layout-default has-mobile-alignment-default\" data-animation=\"slideBottom\"><div style=\"margin-bottom:30px\" class=\"wp-block-getwid-image-box__image-container is-position-top\"><a href=\"#\" class=\"wp-block-getwid-image-box__image-wrapper\"><img loading=\"lazy\" decoding=\"async\" width=\"512\" height=\"512\" src=\"https:\/\/lerustiche.com\/wp-content\/uploads\/2023\/08\/pulizia_giornaliera.png\" alt=\"\" class=\"wp-block-getwid-image-box__image wp-image-2175\" srcset=\"https:\/\/lerustiche.com\/wp-content\/uploads\/2023\/08\/pulizia_giornaliera.png 512w, https:\/\/lerustiche.com\/wp-content\/uploads\/2023\/08\/pulizia_giornaliera-300x300.png 300w, https:\/\/lerustiche.com\/wp-content\/uploads\/2023\/08\/pulizia_giornaliera-150x150.png 150w, https:\/\/lerustiche.com\/wp-content\/uploads\/2023\/08\/pulizia_giornaliera-12x12.png 12w\" sizes=\"(max-width: 512px) 100vw, 512px\" \/><\/a><\/div><div class=\"wp-block-getwid-image-box__content\">\n<div class=\"wp-block-getwid-advanced-heading\" style=\"margin-bottom:10px\"><h4 class=\"wp-block-getwid-advanced-heading__content\">T\u00e4gliche Reinigung<\/h4><\/div>\n\n\n\n<p class=\"has-small-font-size\">Dank der t\u00e4glichen Reinigung ist das Zimmer immer gem\u00fctlich.<\/p>\n<\/div><\/div>\n<\/div><\/div><\/div><\/div><\/div>\n<\/div>\n\n\n\n<div class=\"wp-block-column is-layout-flow wp-block-column-is-layout-flow\"><\/div>\n<\/div>\n\n\n\n<div style=\"height:56px\" aria-hidden=\"true\" class=\"wp-block-spacer\"><\/div>\n\n\n\n<hr class=\"wp-block-separator has-css-opacity is-style-wide\"\/>","protected":false},"excerpt":{"rendered":"<p>Wir sind einer der weltweit f\u00fchrenden Spezialisten f\u00fcr die Vermietung von Luxus-Ferienh\u00e4usern und verf\u00fcgen \u00fcber ein Portfolio von mehr als 4.000 Luxus-Ferienh\u00e4usern in 50 der sch\u00f6nsten Urlaubsziele der Welt.<\/p>","protected":false},"author":1,"featured_media":0,"parent":0,"menu_order":0,"comment_status":"closed","ping_status":"closed","template":"template-wide-page.php","meta":{"inline_featured_image":false,"_monsterinsights_skip_tracking":false,"_monsterinsights_sitenote_active":false,"_monsterinsights_sitenote_note":"","_monsterinsights_sitenote_category":0,"footnotes":""},"class_list":["post-303","page","type-page","status-publish","hentry"],"aioseo_notices":[],"_links":{"self":[{"href":"https:\/\/lerustiche.com\/de\/wp-json\/wp\/v2\/pages\/303","targetHints":{"allow":["GET"]}}],"collection":[{"href":"https:\/\/lerustiche.com\/de\/wp-json\/wp\/v2\/pages"}],"about":[{"href":"https:\/\/lerustiche.com\/de\/wp-json\/wp\/v2\/types\/page"}],"author":[{"embeddable":true,"href":"https:\/\/lerustiche.com\/de\/wp-json\/wp\/v2\/users\/1"}],"replies":[{"embeddable":true,"href":"https:\/\/lerustiche.com\/de\/wp-json\/wp\/v2\/comments?post=303"}],"version-history":[{"count":6,"href":"https:\/\/lerustiche.com\/de\/wp-json\/wp\/v2\/pages\/303\/revisions"}],"predecessor-version":[{"id":2186,"href":"https:\/\/lerustiche.com\/de\/wp-json\/wp\/v2\/pages\/303\/revisions\/2186"}],"wp:attachment":[{"href":"https:\/\/lerustiche.com\/de\/wp-json\/wp\/v2\/media?parent=303"}],"curies":[{"name":"wp","href":"https:\/\/api.w.org\/{rel}","templated":true}]}}