{"id":303,"date":"2019-08-20T11:29:12","date_gmt":"2019-08-20T11:29:12","guid":{"rendered":"https:\/\/themes.getmotopress.com\/booklium-default\/?page_id=238"},"modified":"2023-08-06T19:14:35","modified_gmt":"2023-08-06T19:14:35","slug":"chi-siamo","status":"publish","type":"page","link":"https:\/\/lerustiche.com\/es\/chi-siamo\/","title":{"rendered":"Qui\u00e9nes somos"},"content":{"rendered":"<div class=\"wp-block-columns has-3-columns is-layout-flex wp-container-core-columns-is-layout-9d6595d7 wp-block-columns-is-layout-flex\">\n<div class=\"wp-block-column is-layout-flow wp-block-column-is-layout-flow\">\n<div class=\"wp-block-getwid-advanced-heading\"><h2 class=\"wp-block-getwid-advanced-heading__content\">Bienvenido a nuestra acogedora pensi\u00f3n<\/h2><\/div>\n<\/div>\n\n\n\n<div class=\"wp-block-column is-layout-flow wp-block-column-is-layout-flow\">\n<p>Nuestra casa de hu\u00e9spedes est\u00e1 situada en el centro de Dello, en una casa recientemente renovada.<\/p>\n\n\n\n<p>\u200b<\/p>\n\n\n\n<p>Los viajeros que se alojen con nosotros encontrar\u00e1n bares, oficinas de correos, panader\u00edas, pasteler\u00edas, estancos, supermercados, pizzer\u00edas y helader\u00edas en las inmediaciones.<\/p>\n<\/div>\n\n\n\n<div class=\"wp-block-column is-layout-flow wp-block-column-is-layout-flow\">\n<p>Nuestra residencia es el lugar perfecto para familias a las que les gusta viajar y sentirse como en casa, para viajes de negocios y de trabajo, para unas vacaciones rom\u00e1nticas en un entorno privado.<\/p>\n\n\n\n<p>Le dar\u00e1 la bienvenida la propietaria, una mujer alegre que ha trabajado en el negocio de la restauraci\u00f3n desde su infancia. Milly le acoger\u00e1 en un ambiente familiar e intentar\u00e1 satisfacer sus peticiones de la mejor manera posible.<\/p>\n<\/div>\n<\/div>\n\n\n\n<div style=\"height:40px\" aria-hidden=\"true\" class=\"wp-block-spacer\"><\/div>\n\n\n\n<div class=\"wp-block-columns has-2-columns is-layout-flex wp-container-core-columns-is-layout-9d6595d7 wp-block-columns-is-layout-flex\">\n<div class=\"wp-block-column is-layout-flow wp-block-column-is-layout-flow\">\n<figure class=\"wp-block-image size-large\"><img fetchpriority=\"high\" decoding=\"async\" width=\"768\" height=\"1024\" src=\"https:\/\/lerustiche.com\/wp-content\/uploads\/2023\/07\/foresteria-1-768x1024.jpg\" alt=\"\" class=\"wp-image-1872\" srcset=\"https:\/\/lerustiche.com\/wp-content\/uploads\/2023\/07\/foresteria-1-768x1024.jpg 768w, https:\/\/lerustiche.com\/wp-content\/uploads\/2023\/07\/foresteria-1-225x300.jpg 225w, https:\/\/lerustiche.com\/wp-content\/uploads\/2023\/07\/foresteria-1-1152x1536.jpg 1152w, https:\/\/lerustiche.com\/wp-content\/uploads\/2023\/07\/foresteria-1-1536x2048.jpg 1536w, https:\/\/lerustiche.com\/wp-content\/uploads\/2023\/07\/foresteria-1-892x1189.jpg 892w, https:\/\/lerustiche.com\/wp-content\/uploads\/2023\/07\/foresteria-1-1350x1800.jpg 1350w, https:\/\/lerustiche.com\/wp-content\/uploads\/2023\/07\/foresteria-1-scaled.jpg 1920w\" sizes=\"(max-width: 768px) 100vw, 768px\" \/><\/figure>\n<\/div>\n\n\n\n<div class=\"wp-block-column is-layout-flow wp-block-column-is-layout-flow\">\n<figure class=\"wp-block-gallery has-nested-images columns-2 is-cropped wp-block-gallery-1 is-layout-flex wp-block-gallery-is-layout-flex\">\n<figure class=\"wp-block-image size-large\"><img decoding=\"async\" width=\"768\" height=\"1024\" data-id=\"1880\" src=\"https:\/\/lerustiche.com\/wp-content\/uploads\/2023\/07\/foresteria-9-768x1024.jpg\" alt=\"\" class=\"wp-image-1880\" srcset=\"https:\/\/lerustiche.com\/wp-content\/uploads\/2023\/07\/foresteria-9-768x1024.jpg 768w, https:\/\/lerustiche.com\/wp-content\/uploads\/2023\/07\/foresteria-9-225x300.jpg 225w, https:\/\/lerustiche.com\/wp-content\/uploads\/2023\/07\/foresteria-9-1152x1536.jpg 1152w, https:\/\/lerustiche.com\/wp-content\/uploads\/2023\/07\/foresteria-9-1536x2048.jpg 1536w, https:\/\/lerustiche.com\/wp-content\/uploads\/2023\/07\/foresteria-9-892x1189.jpg 892w, https:\/\/lerustiche.com\/wp-content\/uploads\/2023\/07\/foresteria-9-1350x1800.jpg 1350w, https:\/\/lerustiche.com\/wp-content\/uploads\/2023\/07\/foresteria-9-scaled.jpg 1920w\" sizes=\"(max-width: 768px) 100vw, 768px\" \/><\/figure>\n\n\n\n<figure class=\"wp-block-image size-large\"><img decoding=\"async\" width=\"1024\" height=\"768\" data-id=\"1877\" src=\"https:\/\/lerustiche.com\/wp-content\/uploads\/2023\/07\/foresteria-6-1024x768.jpg\" alt=\"\" class=\"wp-image-1877\" srcset=\"https:\/\/lerustiche.com\/wp-content\/uploads\/2023\/07\/foresteria-6-1024x768.jpg 1024w, https:\/\/lerustiche.com\/wp-content\/uploads\/2023\/07\/foresteria-6-300x225.jpg 300w, https:\/\/lerustiche.com\/wp-content\/uploads\/2023\/07\/foresteria-6-768x576.jpg 768w, https:\/\/lerustiche.com\/wp-content\/uploads\/2023\/07\/foresteria-6-1536x1152.jpg 1536w, https:\/\/lerustiche.com\/wp-content\/uploads\/2023\/07\/foresteria-6-2048x1536.jpg 2048w, https:\/\/lerustiche.com\/wp-content\/uploads\/2023\/07\/foresteria-6-892x669.jpg 892w, https:\/\/lerustiche.com\/wp-content\/uploads\/2023\/07\/foresteria-6-1350x1013.jpg 1350w\" sizes=\"(max-width: 1024px) 100vw, 1024px\" \/><\/figure>\n\n\n\n<figure class=\"wp-block-image size-large\"><img loading=\"lazy\" decoding=\"async\" width=\"768\" height=\"1024\" data-id=\"1881\" src=\"https:\/\/lerustiche.com\/wp-content\/uploads\/2023\/07\/foresteria-10-768x1024.jpg\" alt=\"\" class=\"wp-image-1881\" srcset=\"https:\/\/lerustiche.com\/wp-content\/uploads\/2023\/07\/foresteria-10-768x1024.jpg 768w, https:\/\/lerustiche.com\/wp-content\/uploads\/2023\/07\/foresteria-10-225x300.jpg 225w, https:\/\/lerustiche.com\/wp-content\/uploads\/2023\/07\/foresteria-10-1152x1536.jpg 1152w, https:\/\/lerustiche.com\/wp-content\/uploads\/2023\/07\/foresteria-10-1536x2048.jpg 1536w, https:\/\/lerustiche.com\/wp-content\/uploads\/2023\/07\/foresteria-10-892x1189.jpg 892w, https:\/\/lerustiche.com\/wp-content\/uploads\/2023\/07\/foresteria-10-1350x1800.jpg 1350w, https:\/\/lerustiche.com\/wp-content\/uploads\/2023\/07\/foresteria-10-scaled.jpg 1920w\" sizes=\"(max-width: 768px) 100vw, 768px\" \/><\/figure>\n\n\n\n<figure class=\"wp-block-image size-large\"><img loading=\"lazy\" decoding=\"async\" width=\"768\" height=\"1024\" data-id=\"1879\" src=\"https:\/\/lerustiche.com\/wp-content\/uploads\/2023\/07\/foresteria-8-768x1024.jpg\" alt=\"\" class=\"wp-image-1879\" srcset=\"https:\/\/lerustiche.com\/wp-content\/uploads\/2023\/07\/foresteria-8-768x1024.jpg 768w, https:\/\/lerustiche.com\/wp-content\/uploads\/2023\/07\/foresteria-8-225x300.jpg 225w, https:\/\/lerustiche.com\/wp-content\/uploads\/2023\/07\/foresteria-8-1152x1536.jpg 1152w, https:\/\/lerustiche.com\/wp-content\/uploads\/2023\/07\/foresteria-8-1536x2048.jpg 1536w, https:\/\/lerustiche.com\/wp-content\/uploads\/2023\/07\/foresteria-8-892x1189.jpg 892w, https:\/\/lerustiche.com\/wp-content\/uploads\/2023\/07\/foresteria-8-1350x1800.jpg 1350w, https:\/\/lerustiche.com\/wp-content\/uploads\/2023\/07\/foresteria-8-scaled.jpg 1920w\" sizes=\"(max-width: 768px) 100vw, 768px\" \/><\/figure>\n<\/figure>\n<\/div>\n<\/div>\n\n\n\n<div class=\"wp-block-getwid-advanced-heading\" style=\"margin-bottom:5px;margin-top:46px\"><h2 class=\"wp-block-getwid-advanced-heading__content\" style=\"text-align:center\">Servicios incluidos<\/h2><\/div>\n\n\n\n<div class=\"wp-block-getwid-advanced-heading\" style=\"margin-bottom:45px\"><span class=\"wp-block-getwid-advanced-heading__content\" style=\"text-align:center\">Respetamos estos principios b\u00e1sicos y los mantenemos en nuestra casa de hu\u00e9spedes.<\/span><\/div>\n\n\n\n<div class=\"wp-block-columns has-3-columns is-layout-flex wp-container-core-columns-is-layout-9d6595d7 wp-block-columns-is-layout-flex\">\n<div class=\"wp-block-column is-layout-flow wp-block-column-is-layout-flow\">\n<div class=\"wp-block-getwid-section is-style-with-big-shadow is-style-fit-parent\"><div class=\"wp-block-getwid-section__wrapper getwid-padding-top-medium getwid-padding-bottom-medium getwid-padding-left-medium getwid-padding-right-medium getwid-align-items-flex-start\"><div class=\"wp-block-getwid-section__inner-wrapper\"><div class=\"wp-block-getwid-section__background-holder\"><div class=\"wp-block-getwid-section__background has-background has-white-background-color\"><\/div><div class=\"wp-block-getwid-section__foreground\"><\/div><\/div><div class=\"wp-block-getwid-section__content\"><div class=\"wp-block-getwid-section__inner-content\">\n<div class=\"wp-block-getwid-image-box getwid-animation has-text-center has-mobile-layout-default has-mobile-alignment-default\" data-animation=\"slideBottom\"><div style=\"margin-bottom:30px\" class=\"wp-block-getwid-image-box__image-container is-position-top\"><a href=\"#\" class=\"wp-block-getwid-image-box__image-wrapper\"><img loading=\"lazy\" decoding=\"async\" width=\"512\" height=\"512\" src=\"https:\/\/lerustiche.com\/wp-content\/uploads\/2023\/08\/frigobar.png\" alt=\"\" class=\"wp-block-getwid-image-box__image wp-image-2182\" srcset=\"https:\/\/lerustiche.com\/wp-content\/uploads\/2023\/08\/frigobar.png 512w, https:\/\/lerustiche.com\/wp-content\/uploads\/2023\/08\/frigobar-300x300.png 300w, https:\/\/lerustiche.com\/wp-content\/uploads\/2023\/08\/frigobar-150x150.png 150w, https:\/\/lerustiche.com\/wp-content\/uploads\/2023\/08\/frigobar-12x12.png 12w\" sizes=\"(max-width: 512px) 100vw, 512px\" \/><\/a><\/div><div class=\"wp-block-getwid-image-box__content\">\n<div class=\"wp-block-getwid-advanced-heading\" style=\"margin-bottom:10px\"><h4 class=\"wp-block-getwid-advanced-heading__content\">Frigobar<\/h4><\/div>\n\n\n\n<p class=\"has-small-font-size\">Disfrute de la comodidad de la nevera privada de la habitaci\u00f3n, perfecta para guardar bebidas frescas y aperitivos.<\/p>\n<\/div><\/div>\n<\/div><\/div><\/div><\/div><\/div>\n<\/div>\n\n\n\n<div class=\"wp-block-column is-layout-flow wp-block-column-is-layout-flow\">\n<div class=\"wp-block-getwid-section is-style-with-big-shadow is-style-fit-parent\"><div class=\"wp-block-getwid-section__wrapper getwid-padding-top-medium getwid-padding-bottom-medium getwid-padding-left-medium getwid-padding-right-medium getwid-align-items-flex-start\"><div class=\"wp-block-getwid-section__inner-wrapper\"><div class=\"wp-block-getwid-section__background-holder\"><div class=\"wp-block-getwid-section__background has-background has-white-background-color\"><\/div><div class=\"wp-block-getwid-section__foreground\"><\/div><\/div><div class=\"wp-block-getwid-section__content\"><div class=\"wp-block-getwid-section__inner-content\">\n<div class=\"wp-block-getwid-image-box getwid-animation has-text-center has-mobile-layout-default has-mobile-alignment-default\" data-animation=\"slideBottom\"><div style=\"margin-bottom:30px\" class=\"wp-block-getwid-image-box__image-container is-position-top\"><a href=\"#\" class=\"wp-block-getwid-image-box__image-wrapper\"><img loading=\"lazy\" decoding=\"async\" width=\"512\" height=\"512\" src=\"https:\/\/lerustiche.com\/wp-content\/uploads\/2023\/08\/asciugacapelli.png\" alt=\"\" class=\"wp-block-getwid-image-box__image wp-image-2178\" srcset=\"https:\/\/lerustiche.com\/wp-content\/uploads\/2023\/08\/asciugacapelli.png 512w, https:\/\/lerustiche.com\/wp-content\/uploads\/2023\/08\/asciugacapelli-300x300.png 300w, https:\/\/lerustiche.com\/wp-content\/uploads\/2023\/08\/asciugacapelli-150x150.png 150w, https:\/\/lerustiche.com\/wp-content\/uploads\/2023\/08\/asciugacapelli-12x12.png 12w\" sizes=\"(max-width: 512px) 100vw, 512px\" \/><\/a><\/div><div class=\"wp-block-getwid-image-box__content\">\n<div class=\"wp-block-getwid-advanced-heading\" style=\"margin-bottom:10px\"><h4 class=\"wp-block-getwid-advanced-heading__content\">Secador de pelo <\/h4><\/div>\n\n\n\n<p class=\"has-small-font-size\">Encontrar\u00e1 un secador de pelo en su habitaci\u00f3n para secarse el pelo sin preocupaciones.<\/p>\n<\/div><\/div>\n<\/div><\/div><\/div><\/div><\/div>\n<\/div>\n\n\n\n<div class=\"wp-block-column is-layout-flow wp-block-column-is-layout-flow\">\n<div class=\"wp-block-getwid-section is-style-with-big-shadow is-style-fit-parent\"><div class=\"wp-block-getwid-section__wrapper getwid-padding-top-medium getwid-padding-bottom-medium getwid-padding-left-medium getwid-padding-right-medium getwid-align-items-flex-start\"><div class=\"wp-block-getwid-section__inner-wrapper\"><div class=\"wp-block-getwid-section__background-holder\"><div class=\"wp-block-getwid-section__background has-background has-white-background-color\"><\/div><div class=\"wp-block-getwid-section__foreground\"><\/div><\/div><div class=\"wp-block-getwid-section__content\"><div class=\"wp-block-getwid-section__inner-content\">\n<div class=\"wp-block-getwid-image-box getwid-animation has-text-center has-mobile-layout-default has-mobile-alignment-default\" data-animation=\"slideBottom\"><div style=\"margin-bottom:30px\" class=\"wp-block-getwid-image-box__image-container is-position-top\"><a href=\"#\" class=\"wp-block-getwid-image-box__image-wrapper\"><img loading=\"lazy\" decoding=\"async\" width=\"512\" height=\"512\" src=\"https:\/\/lerustiche.com\/wp-content\/uploads\/2023\/08\/climatizzato.png\" alt=\"\" class=\"wp-block-getwid-image-box__image wp-image-2177\" srcset=\"https:\/\/lerustiche.com\/wp-content\/uploads\/2023\/08\/climatizzato.png 512w, https:\/\/lerustiche.com\/wp-content\/uploads\/2023\/08\/climatizzato-300x300.png 300w, https:\/\/lerustiche.com\/wp-content\/uploads\/2023\/08\/climatizzato-150x150.png 150w, https:\/\/lerustiche.com\/wp-content\/uploads\/2023\/08\/climatizzato-12x12.png 12w\" sizes=\"(max-width: 512px) 100vw, 512px\" \/><\/a><\/div><div class=\"wp-block-getwid-image-box__content\">\n<div class=\"wp-block-getwid-advanced-heading\" style=\"margin-bottom:10px\"><h4 class=\"wp-block-getwid-advanced-heading__content\">Aire acondicionado<\/h4><\/div>\n\n\n\n<p class=\"has-small-font-size\">Disfrute de temperaturas ideales con aire acondicionado o calefacci\u00f3n para el m\u00e1ximo confort.<\/p>\n<\/div><\/div>\n<\/div><\/div><\/div><\/div><\/div>\n<\/div>\n<\/div>\n\n\n\n<div class=\"wp-block-columns has-3-columns is-layout-flex wp-container-core-columns-is-layout-9d6595d7 wp-block-columns-is-layout-flex\">\n<div class=\"wp-block-column is-layout-flow wp-block-column-is-layout-flow\">\n<div class=\"wp-block-getwid-section is-style-with-big-shadow is-style-fit-parent\"><div class=\"wp-block-getwid-section__wrapper getwid-padding-top-medium getwid-padding-bottom-medium getwid-padding-left-medium getwid-padding-right-medium getwid-align-items-flex-start\"><div class=\"wp-block-getwid-section__inner-wrapper\"><div class=\"wp-block-getwid-section__background-holder\"><div class=\"wp-block-getwid-section__background has-background has-white-background-color\"><\/div><div class=\"wp-block-getwid-section__foreground\"><\/div><\/div><div class=\"wp-block-getwid-section__content\"><div class=\"wp-block-getwid-section__inner-content\">\n<div class=\"wp-block-getwid-image-box getwid-animation has-text-center has-mobile-layout-default has-mobile-alignment-default\" data-animation=\"slideBottom\"><div style=\"margin-bottom:30px\" class=\"wp-block-getwid-image-box__image-container is-position-top\"><a href=\"#\" class=\"wp-block-getwid-image-box__image-wrapper\"><img loading=\"lazy\" decoding=\"async\" width=\"512\" height=\"512\" src=\"https:\/\/lerustiche.com\/wp-content\/uploads\/2023\/08\/colazione.png\" alt=\"\" class=\"wp-block-getwid-image-box__image wp-image-2180\" srcset=\"https:\/\/lerustiche.com\/wp-content\/uploads\/2023\/08\/colazione.png 512w, https:\/\/lerustiche.com\/wp-content\/uploads\/2023\/08\/colazione-300x300.png 300w, https:\/\/lerustiche.com\/wp-content\/uploads\/2023\/08\/colazione-150x150.png 150w, https:\/\/lerustiche.com\/wp-content\/uploads\/2023\/08\/colazione-12x12.png 12w\" sizes=\"(max-width: 512px) 100vw, 512px\" \/><\/a><\/div><div class=\"wp-block-getwid-image-box__content\">\n<div class=\"wp-block-getwid-advanced-heading\" style=\"margin-bottom:10px\"><h4 class=\"wp-block-getwid-advanced-heading__content\">Desayuno<\/h4><\/div>\n\n\n\n<p class=\"has-small-font-size\">Empieza bien el d\u00eda con nuestro delicioso desayuno.<\/p>\n<\/div><\/div>\n<\/div><\/div><\/div><\/div><\/div>\n<\/div>\n\n\n\n<div class=\"wp-block-column is-layout-flow wp-block-column-is-layout-flow\">\n<div class=\"wp-block-getwid-section is-style-with-big-shadow is-style-fit-parent\"><div class=\"wp-block-getwid-section__wrapper getwid-padding-top-medium getwid-padding-bottom-medium getwid-padding-left-medium getwid-padding-right-medium getwid-align-items-flex-start\"><div class=\"wp-block-getwid-section__inner-wrapper\"><div class=\"wp-block-getwid-section__background-holder\"><div class=\"wp-block-getwid-section__background has-background has-white-background-color\"><\/div><div class=\"wp-block-getwid-section__foreground\"><\/div><\/div><div class=\"wp-block-getwid-section__content\"><div class=\"wp-block-getwid-section__inner-content\">\n<div class=\"wp-block-getwid-image-box getwid-animation has-text-center has-mobile-layout-default has-mobile-alignment-default\" data-animation=\"slideBottom\"><div style=\"margin-bottom:30px\" class=\"wp-block-getwid-image-box__image-container is-position-top\"><a href=\"#\" class=\"wp-block-getwid-image-box__image-wrapper\"><img loading=\"lazy\" decoding=\"async\" width=\"512\" height=\"512\" src=\"https:\/\/lerustiche.com\/wp-content\/uploads\/2023\/08\/free-wifi.png\" alt=\"\" class=\"wp-block-getwid-image-box__image wp-image-2181\" srcset=\"https:\/\/lerustiche.com\/wp-content\/uploads\/2023\/08\/free-wifi.png 512w, https:\/\/lerustiche.com\/wp-content\/uploads\/2023\/08\/free-wifi-300x300.png 300w, https:\/\/lerustiche.com\/wp-content\/uploads\/2023\/08\/free-wifi-150x150.png 150w, https:\/\/lerustiche.com\/wp-content\/uploads\/2023\/08\/free-wifi-12x12.png 12w\" sizes=\"(max-width: 512px) 100vw, 512px\" \/><\/a><\/div><div class=\"wp-block-getwid-image-box__content\">\n<div class=\"wp-block-getwid-advanced-heading\" style=\"margin-bottom:10px\"><h4 class=\"wp-block-getwid-advanced-heading__content\">Wi-Fi gratuito<\/h4><\/div>\n\n\n\n<p class=\"has-small-font-size\">Mant\u00e9ngase conectado con la conexi\u00f3n WiFi gratuita en todo el hotel.<\/p>\n<\/div><\/div>\n<\/div><\/div><\/div><\/div><\/div>\n<\/div>\n\n\n\n<div class=\"wp-block-column is-layout-flow wp-block-column-is-layout-flow\">\n<div class=\"wp-block-getwid-section is-style-with-big-shadow is-style-fit-parent\"><div class=\"wp-block-getwid-section__wrapper getwid-padding-top-medium getwid-padding-bottom-medium getwid-padding-left-medium getwid-padding-right-medium getwid-align-items-flex-start\"><div class=\"wp-block-getwid-section__inner-wrapper\"><div class=\"wp-block-getwid-section__background-holder\"><div class=\"wp-block-getwid-section__background has-background has-white-background-color\"><\/div><div class=\"wp-block-getwid-section__foreground\"><\/div><\/div><div class=\"wp-block-getwid-section__content\"><div class=\"wp-block-getwid-section__inner-content\">\n<div class=\"wp-block-getwid-image-box getwid-animation has-text-center has-mobile-layout-default has-mobile-alignment-default\" data-animation=\"slideBottom\"><div style=\"margin-bottom:30px\" class=\"wp-block-getwid-image-box__image-container is-position-top\"><a href=\"#\" class=\"wp-block-getwid-image-box__image-wrapper\"><img loading=\"lazy\" decoding=\"async\" width=\"512\" height=\"512\" src=\"https:\/\/lerustiche.com\/wp-content\/uploads\/2023\/08\/cambio_asciugamani.png\" alt=\"\" class=\"wp-block-getwid-image-box__image wp-image-2176\" srcset=\"https:\/\/lerustiche.com\/wp-content\/uploads\/2023\/08\/cambio_asciugamani.png 512w, https:\/\/lerustiche.com\/wp-content\/uploads\/2023\/08\/cambio_asciugamani-300x300.png 300w, https:\/\/lerustiche.com\/wp-content\/uploads\/2023\/08\/cambio_asciugamani-150x150.png 150w, https:\/\/lerustiche.com\/wp-content\/uploads\/2023\/08\/cambio_asciugamani-12x12.png 12w\" sizes=\"(max-width: 512px) 100vw, 512px\" \/><\/a><\/div><div class=\"wp-block-getwid-image-box__content\">\n<div class=\"wp-block-getwid-advanced-heading\" style=\"margin-bottom:10px\"><h4 class=\"wp-block-getwid-advanced-heading__content\">Cambio de toallas<\/h4><\/div>\n\n\n\n<p class=\"has-small-font-size\">Toallas limpias todos los d\u00edas hacen que su estancia sea a\u00fan m\u00e1s agradable.<\/p>\n<\/div><\/div>\n<\/div><\/div><\/div><\/div><\/div>\n<\/div>\n<\/div>\n\n\n\n<div class=\"wp-block-columns has-3-columns is-layout-flex wp-container-core-columns-is-layout-9d6595d7 wp-block-columns-is-layout-flex\">\n<div class=\"wp-block-column is-layout-flow wp-block-column-is-layout-flow\">\n<div class=\"wp-block-getwid-section is-style-with-big-shadow is-style-fit-parent\"><div class=\"wp-block-getwid-section__wrapper getwid-padding-top-medium getwid-padding-bottom-medium getwid-padding-left-medium getwid-padding-right-medium getwid-align-items-flex-start\"><div class=\"wp-block-getwid-section__inner-wrapper\"><div class=\"wp-block-getwid-section__background-holder\"><div class=\"wp-block-getwid-section__background has-background has-white-background-color\"><\/div><div class=\"wp-block-getwid-section__foreground\"><\/div><\/div><div class=\"wp-block-getwid-section__content\"><div class=\"wp-block-getwid-section__inner-content\">\n<div class=\"wp-block-getwid-image-box getwid-animation has-text-center has-mobile-layout-default has-mobile-alignment-default\" data-animation=\"slideBottom\"><div style=\"margin-bottom:30px\" class=\"wp-block-getwid-image-box__image-container is-position-top\"><a href=\"#\" class=\"wp-block-getwid-image-box__image-wrapper\"><img loading=\"lazy\" decoding=\"async\" width=\"512\" height=\"512\" src=\"https:\/\/lerustiche.com\/wp-content\/uploads\/2023\/08\/smart-tv.png\" alt=\"\" class=\"wp-block-getwid-image-box__image wp-image-2179\" srcset=\"https:\/\/lerustiche.com\/wp-content\/uploads\/2023\/08\/smart-tv.png 512w, https:\/\/lerustiche.com\/wp-content\/uploads\/2023\/08\/smart-tv-300x300.png 300w, https:\/\/lerustiche.com\/wp-content\/uploads\/2023\/08\/smart-tv-150x150.png 150w, https:\/\/lerustiche.com\/wp-content\/uploads\/2023\/08\/smart-tv-12x12.png 12w\" sizes=\"(max-width: 512px) 100vw, 512px\" \/><\/a><\/div><div class=\"wp-block-getwid-image-box__content\">\n<div class=\"wp-block-getwid-advanced-heading\" style=\"margin-bottom:10px\"><h4 class=\"wp-block-getwid-advanced-heading__content\">Smart TV<\/h4><\/div>\n\n\n\n<p class=\"has-small-font-size\">Entretenimiento sin l\u00edmites gracias a la moderna Smart TV de tu habitaci\u00f3n.<\/p>\n<\/div><\/div>\n<\/div><\/div><\/div><\/div><\/div>\n<\/div>\n\n\n\n<div class=\"wp-block-column is-layout-flow wp-block-column-is-layout-flow\">\n<div class=\"wp-block-getwid-section is-style-with-big-shadow is-style-fit-parent\"><div class=\"wp-block-getwid-section__wrapper getwid-padding-top-medium getwid-padding-bottom-medium getwid-padding-left-medium getwid-padding-right-medium getwid-align-items-flex-start\"><div class=\"wp-block-getwid-section__inner-wrapper\"><div class=\"wp-block-getwid-section__background-holder\"><div class=\"wp-block-getwid-section__background has-background has-white-background-color\"><\/div><div class=\"wp-block-getwid-section__foreground\"><\/div><\/div><div class=\"wp-block-getwid-section__content\"><div class=\"wp-block-getwid-section__inner-content\">\n<div class=\"wp-block-getwid-image-box getwid-animation has-text-center has-mobile-layout-default has-mobile-alignment-default\" data-animation=\"slideBottom\"><div style=\"margin-bottom:30px\" class=\"wp-block-getwid-image-box__image-container is-position-top\"><a href=\"#\" class=\"wp-block-getwid-image-box__image-wrapper\"><img loading=\"lazy\" decoding=\"async\" width=\"512\" height=\"512\" src=\"https:\/\/lerustiche.com\/wp-content\/uploads\/2023\/08\/pulizia_giornaliera.png\" alt=\"\" class=\"wp-block-getwid-image-box__image wp-image-2175\" srcset=\"https:\/\/lerustiche.com\/wp-content\/uploads\/2023\/08\/pulizia_giornaliera.png 512w, https:\/\/lerustiche.com\/wp-content\/uploads\/2023\/08\/pulizia_giornaliera-300x300.png 300w, https:\/\/lerustiche.com\/wp-content\/uploads\/2023\/08\/pulizia_giornaliera-150x150.png 150w, https:\/\/lerustiche.com\/wp-content\/uploads\/2023\/08\/pulizia_giornaliera-12x12.png 12w\" sizes=\"(max-width: 512px) 100vw, 512px\" \/><\/a><\/div><div class=\"wp-block-getwid-image-box__content\">\n<div class=\"wp-block-getwid-advanced-heading\" style=\"margin-bottom:10px\"><h4 class=\"wp-block-getwid-advanced-heading__content\">Limpieza diaria<\/h4><\/div>\n\n\n\n<p class=\"has-small-font-size\">La habitaci\u00f3n siempre ser\u00e1 acogedora gracias a la limpieza diaria.<\/p>\n<\/div><\/div>\n<\/div><\/div><\/div><\/div><\/div>\n<\/div>\n\n\n\n<div class=\"wp-block-column is-layout-flow wp-block-column-is-layout-flow\"><\/div>\n<\/div>\n\n\n\n<div style=\"height:56px\" aria-hidden=\"true\" class=\"wp-block-spacer\"><\/div>\n\n\n\n<hr class=\"wp-block-separator has-css-opacity is-style-wide\"\/>","protected":false},"excerpt":{"rendered":"<p>Somos uno de los principales especialistas en alquiler de casas de vacaciones de lujo del mundo y contamos con una cartera de m\u00e1s de 4.000 casas de vacaciones de lujo en 50 de los mejores destinos vacacionales del mundo.<\/p>","protected":false},"author":1,"featured_media":0,"parent":0,"menu_order":0,"comment_status":"closed","ping_status":"closed","template":"template-wide-page.php","meta":{"inline_featured_image":false,"_monsterinsights_skip_tracking":false,"_monsterinsights_sitenote_active":false,"_monsterinsights_sitenote_note":"","_monsterinsights_sitenote_category":0,"footnotes":""},"class_list":["post-303","page","type-page","status-publish","hentry"],"aioseo_notices":[],"_links":{"self":[{"href":"https:\/\/lerustiche.com\/es\/wp-json\/wp\/v2\/pages\/303","targetHints":{"allow":["GET"]}}],"collection":[{"href":"https:\/\/lerustiche.com\/es\/wp-json\/wp\/v2\/pages"}],"about":[{"href":"https:\/\/lerustiche.com\/es\/wp-json\/wp\/v2\/types\/page"}],"author":[{"embeddable":true,"href":"https:\/\/lerustiche.com\/es\/wp-json\/wp\/v2\/users\/1"}],"replies":[{"embeddable":true,"href":"https:\/\/lerustiche.com\/es\/wp-json\/wp\/v2\/comments?post=303"}],"version-history":[{"count":6,"href":"https:\/\/lerustiche.com\/es\/wp-json\/wp\/v2\/pages\/303\/revisions"}],"predecessor-version":[{"id":2186,"href":"https:\/\/lerustiche.com\/es\/wp-json\/wp\/v2\/pages\/303\/revisions\/2186"}],"wp:attachment":[{"href":"https:\/\/lerustiche.com\/es\/wp-json\/wp\/v2\/media?parent=303"}],"curies":[{"name":"wp","href":"https:\/\/api.w.org\/{rel}","templated":true}]}}