{"id":304,"date":"2019-08-20T12:10:13","date_gmt":"2019-08-20T12:10:13","guid":{"rendered":"https:\/\/themes.getmotopress.com\/booklium-default\/?page_id=269"},"modified":"2023-08-06T04:27:32","modified_gmt":"2023-08-06T04:27:32","slug":"contattaci","status":"publish","type":"page","link":"https:\/\/lerustiche.com\/es\/contattaci\/","title":{"rendered":"P\u00f3ngase en contacto con nosotros"},"content":{"rendered":"<div class=\"wp-block-columns has-2-columns is-layout-flex wp-container-core-columns-is-layout-9d6595d7 wp-block-columns-is-layout-flex\">\n<div class=\"wp-block-column is-layout-flow wp-block-column-is-layout-flow\">\n<div class=\"wp-block-getwid-advanced-heading\" style=\"margin-bottom:30px\"><h2 class=\"wp-block-getwid-advanced-heading__content\">\u00bfEn qu\u00e9 podemos ayudarle?<\/h2><\/div>\n\n\n\n<p>Estamos a su disposici\u00f3n. Si tiene alguna pregunta sobre nuestro alojamiento o desea m\u00e1s informaci\u00f3n, p\u00f3ngase directamente en contacto con nosotros. Nuestro objetivo es hacer que su estancia sea especial, as\u00ed que rellene sus datos personales y d\u00e9jenos un mensaje. Nuestro equipo de asistencia estar\u00e1 encantado de responderle en el plazo de un d\u00eda laborable, para que no tenga que esperar.<\/p>\n\n\n\n<p>Tambi\u00e9n puede llamarnos directamente por tel\u00e9fono. No dude en ponerse en contacto con nosotros, estamos aqu\u00ed para ayudarle y asegurarnos de que tiene toda la informaci\u00f3n que necesita para reservar su estancia con nosotros. Queremos que se sienta c\u00f3modo y que su experiencia con nosotros sea extraordinaria desde el primer contacto. \u00a1Esperamos tenerle con nosotros!<\/p>\n\n\n\n<div style=\"height:20px\" aria-hidden=\"true\" class=\"wp-block-spacer\"><\/div>\n\n\n\n<div class=\"wp-block-getwid-advanced-heading has-custom-font-size\" style=\"font-size:14px;margin-bottom:0px\"><span class=\"wp-block-getwid-advanced-heading__content\">Direcci\u00f3n<\/span><\/div>\n\n\n\n<div class=\"wp-block-getwid-advanced-heading has-custom-font-size\" style=\"font-size:normal\"><span class=\"wp-block-getwid-advanced-heading__content has-text-color has-arsenic-color\" style=\"font-weight:500\">Via Roma, 20, 25020 Dello BS<\/span><\/div>\n\n\n\n<div class=\"wp-block-getwid-advanced-heading has-custom-font-size\" style=\"font-size:14px;margin-bottom:0px\"><span class=\"wp-block-getwid-advanced-heading__content\">Tel\u00e9fono<\/span><\/div>\n\n\n\n<div class=\"wp-block-getwid-advanced-heading has-custom-font-size\" style=\"font-size:normal\"><span class=\"wp-block-getwid-advanced-heading__content has-text-color has-arsenic-color\" style=\"font-weight:500\"><a href=\"tel:19544566789\" title=\"\">+39 <a href=\"https:\/\/www.google.com\/search?q=forsteria+le+rustiche&amp;oq=forsteria+le+rustiche&amp;aqs=chrome..69i57.14747j0j1&amp;sourceid=chrome&amp;ie=UTF-8#\">351 727 6892<\/a><\/a><\/span><\/div>\n\n\n\n<div class=\"wp-block-getwid-advanced-heading has-custom-font-size\" style=\"font-size:14px;margin-bottom:0px\"><span class=\"wp-block-getwid-advanced-heading__content\">Correo electr\u00f3nico<\/span><\/div>\n\n\n\n<div class=\"wp-block-getwid-advanced-heading has-custom-font-size\" style=\"font-size:normal\"><span class=\"wp-block-getwid-advanced-heading__content has-text-color has-arsenic-color\" style=\"font-weight:500\"><a href=\"mailto:hello@booklium.com\">lerustiche.foresteria@gmail.com<\/a><\/span><\/div>\n<\/div>\n\n\n\n<div class=\"wp-block-column is-layout-flow wp-block-column-is-layout-flow\">\n<div class=\"wp-block-getwid-section is-style-with-big-shadow\"><div class=\"wp-block-getwid-section__wrapper getwid-padding-top-medium getwid-padding-bottom-medium getwid-padding-left-medium getwid-padding-right-medium\"><div class=\"wp-block-getwid-section__inner-wrapper\"><div class=\"wp-block-getwid-section__background-holder\"><div class=\"wp-block-getwid-section__background has-background has-white-background-color\"><\/div><div class=\"wp-block-getwid-section__foreground\"><\/div><\/div><div class=\"wp-block-getwid-section__content\"><div class=\"wp-block-getwid-section__inner-content\">        <div class=\"wp-block-getwid-contact-form\" >\n            <form class='wp-block-getwid-contact-form__form' action=\"\">\n    \n        <p class='wp-block-getwid-field-name'>\n\t    <label\n        for='name-69d74c3a1aec1'\n        class='wp-block-getwid-field-name__label'\n    >Tu nombre *<\/label>\n\t    <input id='name-69d74c3a1aec1' type='text' name='name'            placeholder='Introduzca su nombre'             required=''\n            \/>\n<\/p>\n\n\n        <p class='wp-block-getwid-field-email'>\n\t    <label\n\t\tfor='email-69d74c3a1af64'\n        class='wp-block-getwid-field-email__label'\n    >E-Mail *<\/label>\n\t    <input id='email-69d74c3a1af64' type='email' name='email'             placeholder='Introduzca su e-mail'             required=''    \/>\n<\/p>\n\n\n        <p class='wp-block-getwid-field-textarea'>\n\t    <label\n\t\tfor='message-69d74c3a1afc3'\n        class='wp-block-getwid-field-textarea__label'\n    >Mensaje<\/label>\n\t    <textarea\n\t\tid='message-69d74c3a1afc3' rows='5' name='message'            placeholder='Escriba un mensaje'            required=''\n            ><\/textarea>\n<\/p>\n\n\n    <input name='subject' \t\ttype='hidden'\n\t\/>\n\n\t<p class='wp-block-getwid-contact-form__result'><\/p>\n\n\t<div class='wp-block-getwid-contact-form__submit'>\n\t\t<div class='wp-block-button'>\n\t\t\t<button\n\t\t\t\ttype='submit'\n\t\t\t\tclass='wp-block-button__link'\t\t\t\t\tstyle=''\t\t\t>Enviar mensaje<\/button>\n\t\t<\/div>\n\n\t<\/div>\n<input type=\"hidden\" name=\"trp-form-language\" value=\"es\"\/><\/form>\n        <\/div><\/div><\/div><\/div><\/div><\/div>\n<\/div>\n<\/div>\n\n\n\n<div style=\"height:20px\" aria-hidden=\"true\" class=\"wp-block-spacer\"><\/div>\n\n\n\n<iframe src=\"https:\/\/www.google.com\/maps\/embed?pb=!1m14!1m8!1m3!1d11202.26795582554!2d10.0772894!3d45.4180707!3m2!1i1024!2i768!4f13.1!3m3!1m2!1s0x47810d51005f9c65%3A0x73b11fef9c4d5e36!2sForesteria%20Le%20Rustiche!5e0!3m2!1sit!2sit!4v1690799827333!5m2!1sit!2sit\" width=\"100%\" height=\"400px\" style=\"border:0;\" allowfullscreen=\"\" loading=\"lazy\" referrerpolicy=\"no-referrer-when-downgrade\"><\/iframe>","protected":false},"excerpt":{"rendered":"<p>No dude en ponerse en contacto con nosotros directamente si tiene alguna pregunta sobre el alojamiento. Estamos encantados de que nos elija y responderemos a todas sus preguntas.<\/p>","protected":false},"author":1,"featured_media":0,"parent":0,"menu_order":0,"comment_status":"closed","ping_status":"closed","template":"template-wide-page.php","meta":{"inline_featured_image":false,"_monsterinsights_skip_tracking":false,"_monsterinsights_sitenote_active":false,"_monsterinsights_sitenote_note":"","_monsterinsights_sitenote_category":0,"footnotes":""},"class_list":["post-304","page","type-page","status-publish","hentry"],"aioseo_notices":[],"_links":{"self":[{"href":"https:\/\/lerustiche.com\/es\/wp-json\/wp\/v2\/pages\/304","targetHints":{"allow":["GET"]}}],"collection":[{"href":"https:\/\/lerustiche.com\/es\/wp-json\/wp\/v2\/pages"}],"about":[{"href":"https:\/\/lerustiche.com\/es\/wp-json\/wp\/v2\/types\/page"}],"author":[{"embeddable":true,"href":"https:\/\/lerustiche.com\/es\/wp-json\/wp\/v2\/users\/1"}],"replies":[{"embeddable":true,"href":"https:\/\/lerustiche.com\/es\/wp-json\/wp\/v2\/comments?post=304"}],"version-history":[{"count":7,"href":"https:\/\/lerustiche.com\/es\/wp-json\/wp\/v2\/pages\/304\/revisions"}],"predecessor-version":[{"id":1935,"href":"https:\/\/lerustiche.com\/es\/wp-json\/wp\/v2\/pages\/304\/revisions\/1935"}],"wp:attachment":[{"href":"https:\/\/lerustiche.com\/es\/wp-json\/wp\/v2\/media?parent=304"}],"curies":[{"name":"wp","href":"https:\/\/api.w.org\/{rel}","templated":true}]}}