{"id":303,"date":"2019-08-20T11:29:12","date_gmt":"2019-08-20T11:29:12","guid":{"rendered":"https:\/\/themes.getmotopress.com\/booklium-default\/?page_id=238"},"modified":"2023-08-06T19:14:35","modified_gmt":"2023-08-06T19:14:35","slug":"chi-siamo","status":"publish","type":"page","link":"https:\/\/lerustiche.com\/fr\/chi-siamo\/","title":{"rendered":"\u00c0 propos de nous"},"content":{"rendered":"<div class=\"wp-block-columns has-3-columns is-layout-flex wp-container-core-columns-is-layout-9d6595d7 wp-block-columns-is-layout-flex\">\n<div class=\"wp-block-column is-layout-flow wp-block-column-is-layout-flow\">\n<div class=\"wp-block-getwid-advanced-heading\"><h2 class=\"wp-block-getwid-advanced-heading__content\">Bienvenue dans notre maison d'h\u00f4tes<\/h2><\/div>\n<\/div>\n\n\n\n<div class=\"wp-block-column is-layout-flow wp-block-column-is-layout-flow\">\n<p>Notre maison d'h\u00f4tes est situ\u00e9e au centre de Dello, dans une maison r\u00e9cemment r\u00e9nov\u00e9e.<\/p>\n\n\n\n<p>\u200b<\/p>\n\n\n\n<p>Les voyageurs qui s\u00e9journent chez nous trouveront des bars, des bureaux de poste, des boulangeries, des p\u00e2tisseries, des bureaux de tabac, des supermarch\u00e9s, des pizzerias et des glaciers dans les environs imm\u00e9diats.<\/p>\n<\/div>\n\n\n\n<div class=\"wp-block-column is-layout-flow wp-block-column-is-layout-flow\">\n<p>Notre r\u00e9sidence est l'endroit id\u00e9al pour les familles qui aiment voyager tout en se sentant chez elles, pour les voyages d'affaires et de travail, pour des vacances romantiques dans un cadre priv\u00e9.<\/p>\n\n\n\n<p>Vous serez accueilli par la propri\u00e9taire, une femme ensoleill\u00e9e qui travaille dans la restauration depuis son enfance. Milly vous accueillera dans une ambiance familiale et s'efforcera de satisfaire au mieux vos demandes.<\/p>\n<\/div>\n<\/div>\n\n\n\n<div style=\"height:40px\" aria-hidden=\"true\" class=\"wp-block-spacer\"><\/div>\n\n\n\n<div class=\"wp-block-columns has-2-columns is-layout-flex wp-container-core-columns-is-layout-9d6595d7 wp-block-columns-is-layout-flex\">\n<div class=\"wp-block-column is-layout-flow wp-block-column-is-layout-flow\">\n<figure class=\"wp-block-image size-large\"><img fetchpriority=\"high\" decoding=\"async\" width=\"768\" height=\"1024\" src=\"https:\/\/lerustiche.com\/wp-content\/uploads\/2023\/07\/foresteria-1-768x1024.jpg\" alt=\"\" class=\"wp-image-1872\" srcset=\"https:\/\/lerustiche.com\/wp-content\/uploads\/2023\/07\/foresteria-1-768x1024.jpg 768w, https:\/\/lerustiche.com\/wp-content\/uploads\/2023\/07\/foresteria-1-225x300.jpg 225w, https:\/\/lerustiche.com\/wp-content\/uploads\/2023\/07\/foresteria-1-1152x1536.jpg 1152w, https:\/\/lerustiche.com\/wp-content\/uploads\/2023\/07\/foresteria-1-1536x2048.jpg 1536w, https:\/\/lerustiche.com\/wp-content\/uploads\/2023\/07\/foresteria-1-892x1189.jpg 892w, https:\/\/lerustiche.com\/wp-content\/uploads\/2023\/07\/foresteria-1-1350x1800.jpg 1350w, https:\/\/lerustiche.com\/wp-content\/uploads\/2023\/07\/foresteria-1-scaled.jpg 1920w\" sizes=\"(max-width: 768px) 100vw, 768px\" \/><\/figure>\n<\/div>\n\n\n\n<div class=\"wp-block-column is-layout-flow wp-block-column-is-layout-flow\">\n<figure class=\"wp-block-gallery has-nested-images columns-2 is-cropped wp-block-gallery-1 is-layout-flex wp-block-gallery-is-layout-flex\">\n<figure class=\"wp-block-image size-large\"><img decoding=\"async\" width=\"768\" height=\"1024\" data-id=\"1880\" src=\"https:\/\/lerustiche.com\/wp-content\/uploads\/2023\/07\/foresteria-9-768x1024.jpg\" alt=\"\" class=\"wp-image-1880\" srcset=\"https:\/\/lerustiche.com\/wp-content\/uploads\/2023\/07\/foresteria-9-768x1024.jpg 768w, https:\/\/lerustiche.com\/wp-content\/uploads\/2023\/07\/foresteria-9-225x300.jpg 225w, https:\/\/lerustiche.com\/wp-content\/uploads\/2023\/07\/foresteria-9-1152x1536.jpg 1152w, https:\/\/lerustiche.com\/wp-content\/uploads\/2023\/07\/foresteria-9-1536x2048.jpg 1536w, https:\/\/lerustiche.com\/wp-content\/uploads\/2023\/07\/foresteria-9-892x1189.jpg 892w, https:\/\/lerustiche.com\/wp-content\/uploads\/2023\/07\/foresteria-9-1350x1800.jpg 1350w, https:\/\/lerustiche.com\/wp-content\/uploads\/2023\/07\/foresteria-9-scaled.jpg 1920w\" sizes=\"(max-width: 768px) 100vw, 768px\" \/><\/figure>\n\n\n\n<figure class=\"wp-block-image size-large\"><img decoding=\"async\" width=\"1024\" height=\"768\" data-id=\"1877\" src=\"https:\/\/lerustiche.com\/wp-content\/uploads\/2023\/07\/foresteria-6-1024x768.jpg\" alt=\"\" class=\"wp-image-1877\" srcset=\"https:\/\/lerustiche.com\/wp-content\/uploads\/2023\/07\/foresteria-6-1024x768.jpg 1024w, https:\/\/lerustiche.com\/wp-content\/uploads\/2023\/07\/foresteria-6-300x225.jpg 300w, https:\/\/lerustiche.com\/wp-content\/uploads\/2023\/07\/foresteria-6-768x576.jpg 768w, https:\/\/lerustiche.com\/wp-content\/uploads\/2023\/07\/foresteria-6-1536x1152.jpg 1536w, https:\/\/lerustiche.com\/wp-content\/uploads\/2023\/07\/foresteria-6-2048x1536.jpg 2048w, https:\/\/lerustiche.com\/wp-content\/uploads\/2023\/07\/foresteria-6-892x669.jpg 892w, https:\/\/lerustiche.com\/wp-content\/uploads\/2023\/07\/foresteria-6-1350x1013.jpg 1350w\" sizes=\"(max-width: 1024px) 100vw, 1024px\" \/><\/figure>\n\n\n\n<figure class=\"wp-block-image size-large\"><img loading=\"lazy\" decoding=\"async\" width=\"768\" height=\"1024\" data-id=\"1881\" src=\"https:\/\/lerustiche.com\/wp-content\/uploads\/2023\/07\/foresteria-10-768x1024.jpg\" alt=\"\" class=\"wp-image-1881\" srcset=\"https:\/\/lerustiche.com\/wp-content\/uploads\/2023\/07\/foresteria-10-768x1024.jpg 768w, https:\/\/lerustiche.com\/wp-content\/uploads\/2023\/07\/foresteria-10-225x300.jpg 225w, https:\/\/lerustiche.com\/wp-content\/uploads\/2023\/07\/foresteria-10-1152x1536.jpg 1152w, https:\/\/lerustiche.com\/wp-content\/uploads\/2023\/07\/foresteria-10-1536x2048.jpg 1536w, https:\/\/lerustiche.com\/wp-content\/uploads\/2023\/07\/foresteria-10-892x1189.jpg 892w, https:\/\/lerustiche.com\/wp-content\/uploads\/2023\/07\/foresteria-10-1350x1800.jpg 1350w, https:\/\/lerustiche.com\/wp-content\/uploads\/2023\/07\/foresteria-10-scaled.jpg 1920w\" sizes=\"(max-width: 768px) 100vw, 768px\" \/><\/figure>\n\n\n\n<figure class=\"wp-block-image size-large\"><img loading=\"lazy\" decoding=\"async\" width=\"768\" height=\"1024\" data-id=\"1879\" src=\"https:\/\/lerustiche.com\/wp-content\/uploads\/2023\/07\/foresteria-8-768x1024.jpg\" alt=\"\" class=\"wp-image-1879\" srcset=\"https:\/\/lerustiche.com\/wp-content\/uploads\/2023\/07\/foresteria-8-768x1024.jpg 768w, https:\/\/lerustiche.com\/wp-content\/uploads\/2023\/07\/foresteria-8-225x300.jpg 225w, https:\/\/lerustiche.com\/wp-content\/uploads\/2023\/07\/foresteria-8-1152x1536.jpg 1152w, https:\/\/lerustiche.com\/wp-content\/uploads\/2023\/07\/foresteria-8-1536x2048.jpg 1536w, https:\/\/lerustiche.com\/wp-content\/uploads\/2023\/07\/foresteria-8-892x1189.jpg 892w, https:\/\/lerustiche.com\/wp-content\/uploads\/2023\/07\/foresteria-8-1350x1800.jpg 1350w, https:\/\/lerustiche.com\/wp-content\/uploads\/2023\/07\/foresteria-8-scaled.jpg 1920w\" sizes=\"(max-width: 768px) 100vw, 768px\" \/><\/figure>\n<\/figure>\n<\/div>\n<\/div>\n\n\n\n<div class=\"wp-block-getwid-advanced-heading\" style=\"margin-bottom:5px;margin-top:46px\"><h2 class=\"wp-block-getwid-advanced-heading__content\" style=\"text-align:center\">Nos services inclus<\/h2><\/div>\n\n\n\n<div class=\"wp-block-getwid-advanced-heading\" style=\"margin-bottom:45px\"><span class=\"wp-block-getwid-advanced-heading__content\" style=\"text-align:center\">Nous respectons ces principes de base et les maintenons dans notre maison d'h\u00f4tes.<\/span><\/div>\n\n\n\n<div class=\"wp-block-columns has-3-columns is-layout-flex wp-container-core-columns-is-layout-9d6595d7 wp-block-columns-is-layout-flex\">\n<div class=\"wp-block-column is-layout-flow wp-block-column-is-layout-flow\">\n<div class=\"wp-block-getwid-section is-style-with-big-shadow is-style-fit-parent\"><div class=\"wp-block-getwid-section__wrapper getwid-padding-top-medium getwid-padding-bottom-medium getwid-padding-left-medium getwid-padding-right-medium getwid-align-items-flex-start\"><div class=\"wp-block-getwid-section__inner-wrapper\"><div class=\"wp-block-getwid-section__background-holder\"><div class=\"wp-block-getwid-section__background has-background has-white-background-color\"><\/div><div class=\"wp-block-getwid-section__foreground\"><\/div><\/div><div class=\"wp-block-getwid-section__content\"><div class=\"wp-block-getwid-section__inner-content\">\n<div class=\"wp-block-getwid-image-box getwid-animation has-text-center has-mobile-layout-default has-mobile-alignment-default\" data-animation=\"slideBottom\"><div style=\"margin-bottom:30px\" class=\"wp-block-getwid-image-box__image-container is-position-top\"><a href=\"#\" class=\"wp-block-getwid-image-box__image-wrapper\"><img loading=\"lazy\" decoding=\"async\" width=\"512\" height=\"512\" src=\"https:\/\/lerustiche.com\/wp-content\/uploads\/2023\/08\/frigobar.png\" alt=\"\" class=\"wp-block-getwid-image-box__image wp-image-2182\" srcset=\"https:\/\/lerustiche.com\/wp-content\/uploads\/2023\/08\/frigobar.png 512w, https:\/\/lerustiche.com\/wp-content\/uploads\/2023\/08\/frigobar-300x300.png 300w, https:\/\/lerustiche.com\/wp-content\/uploads\/2023\/08\/frigobar-150x150.png 150w, https:\/\/lerustiche.com\/wp-content\/uploads\/2023\/08\/frigobar-12x12.png 12w\" sizes=\"(max-width: 512px) 100vw, 512px\" \/><\/a><\/div><div class=\"wp-block-getwid-image-box__content\">\n<div class=\"wp-block-getwid-advanced-heading\" style=\"margin-bottom:10px\"><h4 class=\"wp-block-getwid-advanced-heading__content\">Frigobar<\/h4><\/div>\n\n\n\n<p class=\"has-small-font-size\">Le r\u00e9frig\u00e9rateur priv\u00e9 de la chambre est id\u00e9al pour conserver des boissons fra\u00eeches et des en-cas.<\/p>\n<\/div><\/div>\n<\/div><\/div><\/div><\/div><\/div>\n<\/div>\n\n\n\n<div class=\"wp-block-column is-layout-flow wp-block-column-is-layout-flow\">\n<div class=\"wp-block-getwid-section is-style-with-big-shadow is-style-fit-parent\"><div class=\"wp-block-getwid-section__wrapper getwid-padding-top-medium getwid-padding-bottom-medium getwid-padding-left-medium getwid-padding-right-medium getwid-align-items-flex-start\"><div class=\"wp-block-getwid-section__inner-wrapper\"><div class=\"wp-block-getwid-section__background-holder\"><div class=\"wp-block-getwid-section__background has-background has-white-background-color\"><\/div><div class=\"wp-block-getwid-section__foreground\"><\/div><\/div><div class=\"wp-block-getwid-section__content\"><div class=\"wp-block-getwid-section__inner-content\">\n<div class=\"wp-block-getwid-image-box getwid-animation has-text-center has-mobile-layout-default has-mobile-alignment-default\" data-animation=\"slideBottom\"><div style=\"margin-bottom:30px\" class=\"wp-block-getwid-image-box__image-container is-position-top\"><a href=\"#\" class=\"wp-block-getwid-image-box__image-wrapper\"><img loading=\"lazy\" decoding=\"async\" width=\"512\" height=\"512\" src=\"https:\/\/lerustiche.com\/wp-content\/uploads\/2023\/08\/asciugacapelli.png\" alt=\"\" class=\"wp-block-getwid-image-box__image wp-image-2178\" srcset=\"https:\/\/lerustiche.com\/wp-content\/uploads\/2023\/08\/asciugacapelli.png 512w, https:\/\/lerustiche.com\/wp-content\/uploads\/2023\/08\/asciugacapelli-300x300.png 300w, https:\/\/lerustiche.com\/wp-content\/uploads\/2023\/08\/asciugacapelli-150x150.png 150w, https:\/\/lerustiche.com\/wp-content\/uploads\/2023\/08\/asciugacapelli-12x12.png 12w\" sizes=\"(max-width: 512px) 100vw, 512px\" \/><\/a><\/div><div class=\"wp-block-getwid-image-box__content\">\n<div class=\"wp-block-getwid-advanced-heading\" style=\"margin-bottom:10px\"><h4 class=\"wp-block-getwid-advanced-heading__content\">S\u00e8che-cheveux <\/h4><\/div>\n\n\n\n<p class=\"has-small-font-size\">Vous trouverez un s\u00e8che-cheveux dans votre chambre pour vous s\u00e9cher les cheveux sans souci.<\/p>\n<\/div><\/div>\n<\/div><\/div><\/div><\/div><\/div>\n<\/div>\n\n\n\n<div class=\"wp-block-column is-layout-flow wp-block-column-is-layout-flow\">\n<div class=\"wp-block-getwid-section is-style-with-big-shadow is-style-fit-parent\"><div class=\"wp-block-getwid-section__wrapper getwid-padding-top-medium getwid-padding-bottom-medium getwid-padding-left-medium getwid-padding-right-medium getwid-align-items-flex-start\"><div class=\"wp-block-getwid-section__inner-wrapper\"><div class=\"wp-block-getwid-section__background-holder\"><div class=\"wp-block-getwid-section__background has-background has-white-background-color\"><\/div><div class=\"wp-block-getwid-section__foreground\"><\/div><\/div><div class=\"wp-block-getwid-section__content\"><div class=\"wp-block-getwid-section__inner-content\">\n<div class=\"wp-block-getwid-image-box getwid-animation has-text-center has-mobile-layout-default has-mobile-alignment-default\" data-animation=\"slideBottom\"><div style=\"margin-bottom:30px\" class=\"wp-block-getwid-image-box__image-container is-position-top\"><a href=\"#\" class=\"wp-block-getwid-image-box__image-wrapper\"><img loading=\"lazy\" decoding=\"async\" width=\"512\" height=\"512\" src=\"https:\/\/lerustiche.com\/wp-content\/uploads\/2023\/08\/climatizzato.png\" alt=\"\" class=\"wp-block-getwid-image-box__image wp-image-2177\" srcset=\"https:\/\/lerustiche.com\/wp-content\/uploads\/2023\/08\/climatizzato.png 512w, https:\/\/lerustiche.com\/wp-content\/uploads\/2023\/08\/climatizzato-300x300.png 300w, https:\/\/lerustiche.com\/wp-content\/uploads\/2023\/08\/climatizzato-150x150.png 150w, https:\/\/lerustiche.com\/wp-content\/uploads\/2023\/08\/climatizzato-12x12.png 12w\" sizes=\"(max-width: 512px) 100vw, 512px\" \/><\/a><\/div><div class=\"wp-block-getwid-image-box__content\">\n<div class=\"wp-block-getwid-advanced-heading\" style=\"margin-bottom:10px\"><h4 class=\"wp-block-getwid-advanced-heading__content\">Climatisation<\/h4><\/div>\n\n\n\n<p class=\"has-small-font-size\">Profitez de temp\u00e9ratures id\u00e9ales gr\u00e2ce \u00e0 la climatisation ou au chauffage pour un confort maximal.<\/p>\n<\/div><\/div>\n<\/div><\/div><\/div><\/div><\/div>\n<\/div>\n<\/div>\n\n\n\n<div class=\"wp-block-columns has-3-columns is-layout-flex wp-container-core-columns-is-layout-9d6595d7 wp-block-columns-is-layout-flex\">\n<div class=\"wp-block-column is-layout-flow wp-block-column-is-layout-flow\">\n<div class=\"wp-block-getwid-section is-style-with-big-shadow is-style-fit-parent\"><div class=\"wp-block-getwid-section__wrapper getwid-padding-top-medium getwid-padding-bottom-medium getwid-padding-left-medium getwid-padding-right-medium getwid-align-items-flex-start\"><div class=\"wp-block-getwid-section__inner-wrapper\"><div class=\"wp-block-getwid-section__background-holder\"><div class=\"wp-block-getwid-section__background has-background has-white-background-color\"><\/div><div class=\"wp-block-getwid-section__foreground\"><\/div><\/div><div class=\"wp-block-getwid-section__content\"><div class=\"wp-block-getwid-section__inner-content\">\n<div class=\"wp-block-getwid-image-box getwid-animation has-text-center has-mobile-layout-default has-mobile-alignment-default\" data-animation=\"slideBottom\"><div style=\"margin-bottom:30px\" class=\"wp-block-getwid-image-box__image-container is-position-top\"><a href=\"#\" class=\"wp-block-getwid-image-box__image-wrapper\"><img loading=\"lazy\" decoding=\"async\" width=\"512\" height=\"512\" src=\"https:\/\/lerustiche.com\/wp-content\/uploads\/2023\/08\/colazione.png\" alt=\"\" class=\"wp-block-getwid-image-box__image wp-image-2180\" srcset=\"https:\/\/lerustiche.com\/wp-content\/uploads\/2023\/08\/colazione.png 512w, https:\/\/lerustiche.com\/wp-content\/uploads\/2023\/08\/colazione-300x300.png 300w, https:\/\/lerustiche.com\/wp-content\/uploads\/2023\/08\/colazione-150x150.png 150w, https:\/\/lerustiche.com\/wp-content\/uploads\/2023\/08\/colazione-12x12.png 12w\" sizes=\"(max-width: 512px) 100vw, 512px\" \/><\/a><\/div><div class=\"wp-block-getwid-image-box__content\">\n<div class=\"wp-block-getwid-advanced-heading\" style=\"margin-bottom:10px\"><h4 class=\"wp-block-getwid-advanced-heading__content\">Petit d\u00e9jeuner<\/h4><\/div>\n\n\n\n<p class=\"has-small-font-size\">Commencez la journ\u00e9e du bon pied avec notre d\u00e9licieux petit-d\u00e9jeuner.<\/p>\n<\/div><\/div>\n<\/div><\/div><\/div><\/div><\/div>\n<\/div>\n\n\n\n<div class=\"wp-block-column is-layout-flow wp-block-column-is-layout-flow\">\n<div class=\"wp-block-getwid-section is-style-with-big-shadow is-style-fit-parent\"><div class=\"wp-block-getwid-section__wrapper getwid-padding-top-medium getwid-padding-bottom-medium getwid-padding-left-medium getwid-padding-right-medium getwid-align-items-flex-start\"><div class=\"wp-block-getwid-section__inner-wrapper\"><div class=\"wp-block-getwid-section__background-holder\"><div class=\"wp-block-getwid-section__background has-background has-white-background-color\"><\/div><div class=\"wp-block-getwid-section__foreground\"><\/div><\/div><div class=\"wp-block-getwid-section__content\"><div class=\"wp-block-getwid-section__inner-content\">\n<div class=\"wp-block-getwid-image-box getwid-animation has-text-center has-mobile-layout-default has-mobile-alignment-default\" data-animation=\"slideBottom\"><div style=\"margin-bottom:30px\" class=\"wp-block-getwid-image-box__image-container is-position-top\"><a href=\"#\" class=\"wp-block-getwid-image-box__image-wrapper\"><img loading=\"lazy\" decoding=\"async\" width=\"512\" height=\"512\" src=\"https:\/\/lerustiche.com\/wp-content\/uploads\/2023\/08\/free-wifi.png\" alt=\"\" class=\"wp-block-getwid-image-box__image wp-image-2181\" srcset=\"https:\/\/lerustiche.com\/wp-content\/uploads\/2023\/08\/free-wifi.png 512w, https:\/\/lerustiche.com\/wp-content\/uploads\/2023\/08\/free-wifi-300x300.png 300w, https:\/\/lerustiche.com\/wp-content\/uploads\/2023\/08\/free-wifi-150x150.png 150w, https:\/\/lerustiche.com\/wp-content\/uploads\/2023\/08\/free-wifi-12x12.png 12w\" sizes=\"(max-width: 512px) 100vw, 512px\" \/><\/a><\/div><div class=\"wp-block-getwid-image-box__content\">\n<div class=\"wp-block-getwid-advanced-heading\" style=\"margin-bottom:10px\"><h4 class=\"wp-block-getwid-advanced-heading__content\">Wi-Fi gratuit<\/h4><\/div>\n\n\n\n<p class=\"has-small-font-size\">Restez connect\u00e9 gr\u00e2ce au WiFi gratuit dans tout l'h\u00f4tel.<\/p>\n<\/div><\/div>\n<\/div><\/div><\/div><\/div><\/div>\n<\/div>\n\n\n\n<div class=\"wp-block-column is-layout-flow wp-block-column-is-layout-flow\">\n<div class=\"wp-block-getwid-section is-style-with-big-shadow is-style-fit-parent\"><div class=\"wp-block-getwid-section__wrapper getwid-padding-top-medium getwid-padding-bottom-medium getwid-padding-left-medium getwid-padding-right-medium getwid-align-items-flex-start\"><div class=\"wp-block-getwid-section__inner-wrapper\"><div class=\"wp-block-getwid-section__background-holder\"><div class=\"wp-block-getwid-section__background has-background has-white-background-color\"><\/div><div class=\"wp-block-getwid-section__foreground\"><\/div><\/div><div class=\"wp-block-getwid-section__content\"><div class=\"wp-block-getwid-section__inner-content\">\n<div class=\"wp-block-getwid-image-box getwid-animation has-text-center has-mobile-layout-default has-mobile-alignment-default\" data-animation=\"slideBottom\"><div style=\"margin-bottom:30px\" class=\"wp-block-getwid-image-box__image-container is-position-top\"><a href=\"#\" class=\"wp-block-getwid-image-box__image-wrapper\"><img loading=\"lazy\" decoding=\"async\" width=\"512\" height=\"512\" src=\"https:\/\/lerustiche.com\/wp-content\/uploads\/2023\/08\/cambio_asciugamani.png\" alt=\"\" class=\"wp-block-getwid-image-box__image wp-image-2176\" srcset=\"https:\/\/lerustiche.com\/wp-content\/uploads\/2023\/08\/cambio_asciugamani.png 512w, https:\/\/lerustiche.com\/wp-content\/uploads\/2023\/08\/cambio_asciugamani-300x300.png 300w, https:\/\/lerustiche.com\/wp-content\/uploads\/2023\/08\/cambio_asciugamani-150x150.png 150w, https:\/\/lerustiche.com\/wp-content\/uploads\/2023\/08\/cambio_asciugamani-12x12.png 12w\" sizes=\"(max-width: 512px) 100vw, 512px\" \/><\/a><\/div><div class=\"wp-block-getwid-image-box__content\">\n<div class=\"wp-block-getwid-advanced-heading\" style=\"margin-bottom:10px\"><h4 class=\"wp-block-getwid-advanced-heading__content\">Changement de serviettes<\/h4><\/div>\n\n\n\n<p class=\"has-small-font-size\">Des serviettes fra\u00eeches chaque jour rendent votre s\u00e9jour encore plus agr\u00e9able.<\/p>\n<\/div><\/div>\n<\/div><\/div><\/div><\/div><\/div>\n<\/div>\n<\/div>\n\n\n\n<div class=\"wp-block-columns has-3-columns is-layout-flex wp-container-core-columns-is-layout-9d6595d7 wp-block-columns-is-layout-flex\">\n<div class=\"wp-block-column is-layout-flow wp-block-column-is-layout-flow\">\n<div class=\"wp-block-getwid-section is-style-with-big-shadow is-style-fit-parent\"><div class=\"wp-block-getwid-section__wrapper getwid-padding-top-medium getwid-padding-bottom-medium getwid-padding-left-medium getwid-padding-right-medium getwid-align-items-flex-start\"><div class=\"wp-block-getwid-section__inner-wrapper\"><div class=\"wp-block-getwid-section__background-holder\"><div class=\"wp-block-getwid-section__background has-background has-white-background-color\"><\/div><div class=\"wp-block-getwid-section__foreground\"><\/div><\/div><div class=\"wp-block-getwid-section__content\"><div class=\"wp-block-getwid-section__inner-content\">\n<div class=\"wp-block-getwid-image-box getwid-animation has-text-center has-mobile-layout-default has-mobile-alignment-default\" data-animation=\"slideBottom\"><div style=\"margin-bottom:30px\" class=\"wp-block-getwid-image-box__image-container is-position-top\"><a href=\"#\" class=\"wp-block-getwid-image-box__image-wrapper\"><img loading=\"lazy\" decoding=\"async\" width=\"512\" height=\"512\" src=\"https:\/\/lerustiche.com\/wp-content\/uploads\/2023\/08\/smart-tv.png\" alt=\"\" class=\"wp-block-getwid-image-box__image wp-image-2179\" srcset=\"https:\/\/lerustiche.com\/wp-content\/uploads\/2023\/08\/smart-tv.png 512w, https:\/\/lerustiche.com\/wp-content\/uploads\/2023\/08\/smart-tv-300x300.png 300w, https:\/\/lerustiche.com\/wp-content\/uploads\/2023\/08\/smart-tv-150x150.png 150w, https:\/\/lerustiche.com\/wp-content\/uploads\/2023\/08\/smart-tv-12x12.png 12w\" sizes=\"(max-width: 512px) 100vw, 512px\" \/><\/a><\/div><div class=\"wp-block-getwid-image-box__content\">\n<div class=\"wp-block-getwid-advanced-heading\" style=\"margin-bottom:10px\"><h4 class=\"wp-block-getwid-advanced-heading__content\">T\u00e9l\u00e9vision intelligente<\/h4><\/div>\n\n\n\n<p class=\"has-small-font-size\">Divertissement illimit\u00e9 gr\u00e2ce \u00e0 la t\u00e9l\u00e9vision moderne Smart TV dans votre chambre.<\/p>\n<\/div><\/div>\n<\/div><\/div><\/div><\/div><\/div>\n<\/div>\n\n\n\n<div class=\"wp-block-column is-layout-flow wp-block-column-is-layout-flow\">\n<div class=\"wp-block-getwid-section is-style-with-big-shadow is-style-fit-parent\"><div class=\"wp-block-getwid-section__wrapper getwid-padding-top-medium getwid-padding-bottom-medium getwid-padding-left-medium getwid-padding-right-medium getwid-align-items-flex-start\"><div class=\"wp-block-getwid-section__inner-wrapper\"><div class=\"wp-block-getwid-section__background-holder\"><div class=\"wp-block-getwid-section__background has-background has-white-background-color\"><\/div><div class=\"wp-block-getwid-section__foreground\"><\/div><\/div><div class=\"wp-block-getwid-section__content\"><div class=\"wp-block-getwid-section__inner-content\">\n<div class=\"wp-block-getwid-image-box getwid-animation has-text-center has-mobile-layout-default has-mobile-alignment-default\" data-animation=\"slideBottom\"><div style=\"margin-bottom:30px\" class=\"wp-block-getwid-image-box__image-container is-position-top\"><a href=\"#\" class=\"wp-block-getwid-image-box__image-wrapper\"><img loading=\"lazy\" decoding=\"async\" width=\"512\" height=\"512\" src=\"https:\/\/lerustiche.com\/wp-content\/uploads\/2023\/08\/pulizia_giornaliera.png\" alt=\"\" class=\"wp-block-getwid-image-box__image wp-image-2175\" srcset=\"https:\/\/lerustiche.com\/wp-content\/uploads\/2023\/08\/pulizia_giornaliera.png 512w, https:\/\/lerustiche.com\/wp-content\/uploads\/2023\/08\/pulizia_giornaliera-300x300.png 300w, https:\/\/lerustiche.com\/wp-content\/uploads\/2023\/08\/pulizia_giornaliera-150x150.png 150w, https:\/\/lerustiche.com\/wp-content\/uploads\/2023\/08\/pulizia_giornaliera-12x12.png 12w\" sizes=\"(max-width: 512px) 100vw, 512px\" \/><\/a><\/div><div class=\"wp-block-getwid-image-box__content\">\n<div class=\"wp-block-getwid-advanced-heading\" style=\"margin-bottom:10px\"><h4 class=\"wp-block-getwid-advanced-heading__content\">Nettoyage quotidien<\/h4><\/div>\n\n\n\n<p class=\"has-small-font-size\">La chambre sera toujours confortable gr\u00e2ce au nettoyage quotidien.<\/p>\n<\/div><\/div>\n<\/div><\/div><\/div><\/div><\/div>\n<\/div>\n\n\n\n<div class=\"wp-block-column is-layout-flow wp-block-column-is-layout-flow\"><\/div>\n<\/div>\n\n\n\n<div style=\"height:56px\" aria-hidden=\"true\" class=\"wp-block-spacer\"><\/div>\n\n\n\n<hr class=\"wp-block-separator has-css-opacity is-style-wide\"\/>","protected":false},"excerpt":{"rendered":"<p>Nous sommes l'un des principaux sp\u00e9cialistes mondiaux de la location de maisons de vacances de luxe, avec un portefeuille de plus de 4 000 maisons de vacances de luxe dans 50 des meilleures destinations de vacances au monde.<\/p>","protected":false},"author":1,"featured_media":0,"parent":0,"menu_order":0,"comment_status":"closed","ping_status":"closed","template":"template-wide-page.php","meta":{"inline_featured_image":false,"_monsterinsights_skip_tracking":false,"_monsterinsights_sitenote_active":false,"_monsterinsights_sitenote_note":"","_monsterinsights_sitenote_category":0,"footnotes":""},"class_list":["post-303","page","type-page","status-publish","hentry"],"aioseo_notices":[],"_links":{"self":[{"href":"https:\/\/lerustiche.com\/fr\/wp-json\/wp\/v2\/pages\/303","targetHints":{"allow":["GET"]}}],"collection":[{"href":"https:\/\/lerustiche.com\/fr\/wp-json\/wp\/v2\/pages"}],"about":[{"href":"https:\/\/lerustiche.com\/fr\/wp-json\/wp\/v2\/types\/page"}],"author":[{"embeddable":true,"href":"https:\/\/lerustiche.com\/fr\/wp-json\/wp\/v2\/users\/1"}],"replies":[{"embeddable":true,"href":"https:\/\/lerustiche.com\/fr\/wp-json\/wp\/v2\/comments?post=303"}],"version-history":[{"count":6,"href":"https:\/\/lerustiche.com\/fr\/wp-json\/wp\/v2\/pages\/303\/revisions"}],"predecessor-version":[{"id":2186,"href":"https:\/\/lerustiche.com\/fr\/wp-json\/wp\/v2\/pages\/303\/revisions\/2186"}],"wp:attachment":[{"href":"https:\/\/lerustiche.com\/fr\/wp-json\/wp\/v2\/media?parent=303"}],"curies":[{"name":"wp","href":"https:\/\/api.w.org\/{rel}","templated":true}]}}